{"id":116,"date":"2018-06-06T11:46:14","date_gmt":"2018-06-06T09:46:14","guid":{"rendered":"http:\/\/tunisiaforall.org\/?page_id=116"},"modified":"2018-06-06T17:16:55","modified_gmt":"2018-06-06T15:16:55","slug":"creation","status":"publish","type":"page","link":"https:\/\/tunisiaforall.org\/?page_id=116","title":{"rendered":"Cr\u00e9ation"},"content":{"rendered":"<p><span style=\"color: #ff0000;\">Tunisia For All<\/span> a \u00e9t\u00e9 cr\u00e9\u00e9e le <span style=\"color: #3366ff;\">3 Mai 2012<\/span> par des membres anim\u00e9s par les m\u00eames valeurs de libert\u00e9, de justice, d\u2019\u00e9galit\u00e9 et de d\u00e9fense des droits de l\u2019homme au niveau politique, \u00e9conomique et social, \u0153uvrant pour une soci\u00e9t\u00e9 qui croit au dialogue et \u00e0 la coexistence pacifique et lutte contre la violence et l\u2019extr\u00e9misme.<\/p>\n<p><span style=\"color: #ff0000;\">Tunisia For All<\/span> est r\u00e9gie par le d\u00e9cret-loi n\u00b0 88-2011 du 24 Septembre 2011.<\/p>\n<p>La d\u00e9claration de constitution de <span style=\"color: #ff0000;\">Tunisia For All<\/span> a \u00e9t\u00e9 publi\u00e9e au <em>JORT N\u00b0 058 du 15-05-2012<\/em> (<em>publication n\u00b0 2012R01814APSF1<\/em>).<\/p>\n<p>Le matricule fiscal de <span style=\"color: #ff0000;\">Tunisia For All<\/span> est : <em>1320731T\/P\/N\/000.<\/em><\/p>\n<p>Le compte bancaire de <span style=\"color: #ff0000;\">Tunisia For All<\/span> est aupr\u00e8s de La BIAT Agence les Berges du Lac (C4) :<br \/>\n<em>RIB : 0803 2012 0420 0278 7286<\/em><br \/>\n<em>SWIFT\/BIC code : BIATTNTT<\/em><br \/>\n<em>IBAN : TN59 0803 2012 0420 0278 7286<\/em><\/p>\n","protected":false},"excerpt":{"rendered":"<p>Tunisia For All a \u00e9t\u00e9 cr\u00e9\u00e9e le 3 Mai 2012 par des membres anim\u00e9s par les m\u00eames valeurs de libert\u00e9, de justice, d\u2019\u00e9galit\u00e9 et de d\u00e9fense des droits de l\u2019homme au niveau politique, \u00e9conomique et social, \u0153uvrant pour une soci\u00e9t\u00e9 qui croit au dialogue et \u00e0 la coexistence pacifique et lutte contre la violence et [&hellip;]<\/p>\n","protected":false},"author":1,"featured_media":0,"parent":0,"menu_order":0,"comment_status":"closed","ping_status":"closed","template":"","meta":{"ngg_post_thumbnail":0,"footnotes":""},"class_list":["post-116","page","type-page","status-publish","czr-hentry"],"_links":{"self":[{"href":"https:\/\/tunisiaforall.org\/index.php?rest_route=\/wp\/v2\/pages\/116","targetHints":{"allow":["GET"]}}],"collection":[{"href":"https:\/\/tunisiaforall.org\/index.php?rest_route=\/wp\/v2\/pages"}],"about":[{"href":"https:\/\/tunisiaforall.org\/index.php?rest_route=\/wp\/v2\/types\/page"}],"author":[{"embeddable":true,"href":"https:\/\/tunisiaforall.org\/index.php?rest_route=\/wp\/v2\/users\/1"}],"replies":[{"embeddable":true,"href":"https:\/\/tunisiaforall.org\/index.php?rest_route=%2Fwp%2Fv2%2Fcomments&post=116"}],"version-history":[{"count":3,"href":"https:\/\/tunisiaforall.org\/index.php?rest_route=\/wp\/v2\/pages\/116\/revisions"}],"predecessor-version":[{"id":200,"href":"https:\/\/tunisiaforall.org\/index.php?rest_route=\/wp\/v2\/pages\/116\/revisions\/200"}],"wp:attachment":[{"href":"https:\/\/tunisiaforall.org\/index.php?rest_route=%2Fwp%2Fv2%2Fmedia&parent=116"}],"curies":[{"name":"wp","href":"https:\/\/api.w.org\/{rel}","templated":true}]}}