{"id":119,"date":"2018-06-06T11:47:43","date_gmt":"2018-06-06T09:47:43","guid":{"rendered":"http:\/\/tunisiaforall.org\/?page_id=119"},"modified":"2019-11-19T21:32:56","modified_gmt":"2019-11-19T20:32:56","slug":"enseignement-science-et-technologie","status":"publish","type":"page","link":"https:\/\/tunisiaforall.org\/?page_id=119","title":{"rendered":"Enseignement, sciences et technologie"},"content":{"rendered":"<p>Depuis la nuit des temps le destin des peuples est fortement li\u00e9 \u00e0 leur participation continue dans l\u2019\u00e9volution des sciences et des technologies. Toute pause ou tout blocage ou refus d\u2019\u00e9volution dans les connaissances et particuli\u00e8rement dans les domaines scientifique et technique a conduit \u00e0 la domination par d\u2019autres peuples, \u00e0 la ruine et parfois \u00e0 leur disparition. L\u2019Histoire est riche en exemples. La d\u00e9cadence observ\u00e9e durant les six si\u00e8cles derniers des peuples de la sph\u00e8re arabo-musulmane est la cons\u00e9quence directe de l\u2019analphab\u00e9tisme de la majorit\u00e9, de la r\u00e9pression de tout esprit ou approche scientifique ou philosophique pour comprendre notre monde et la r\u00e9pression de toute innovation technique. Cela a fait de ces peuples les victimes expiatoires de leurs \u00ab&nbsp;\u00e9lites&nbsp;\u00bb et ensuite de la colonisation, de l\u2019asservissement et de l\u2019exploitation par les puissances d\u00e9tentrices des techniques et des technologies r\u00e9sultant de leur savoir scientifique d\u00e9velopper par des hommes et des femmes lib\u00e9r\u00e9s de contraintes coercitives et fortement encourag\u00e9s par leur \u00e9lite et par leurs gouvernants. Aujourd\u2019hui la dignit\u00e9 des peuples est \u00e9valu\u00e9e \u00e0 leur degr\u00e9 de participation \u00e0 l\u2019\u00e9volution des connaissances de l\u2019Humanit\u00e9 et \u00e0 leur degr\u00e9 de ma\u00eetrise des sciences et technologies du moment pr\u00e9sent.<\/p>\n<p>Dans cet ordre d\u2019id\u00e9es le vecteur de d\u00e9veloppement des connaissances est l\u2019Enseignement des sciences et des technologies pour Tous et particuli\u00e8rement pour la jeunesse porteuse d\u2019espoir et d\u2019avenir. La Tunisie moderne en a fourni la preuve aussi bien dans sa r\u00e9gion que de par le Monde gr\u00e2ce \u00e0 son engagement prioritaire d\u00e8s l\u2019or\u00e9e de l\u2019ind\u00e9pendance \u00e0 la promotion de l\u2019\u00e9ducation des filles et des gar\u00e7ons \u00e0 tous les niveaux de la maternelle \u00e0 l\u2019universit\u00e9.<\/p>\n<p><span style=\"color: #ff0000;\">Tunisia For All<\/span> entend \u0153uvrer, aux c\u00f4t\u00e9s des organisations cons\u0153urs et des autorit\u00e9s concern\u00e9es, \u00e0 l\u2019enracinement de la culture scientifique et technique au sein de la soci\u00e9t\u00e9 tunisienne, en partant des enfants porteur d\u2019avenir du pays, au d\u00e9veloppement et \u00e0 la vulgarisation des connaissances scientifiques et techniques ainsi que qu\u2019\u00e0 l\u2019\u00e9volution des p\u00e9dagogies et des techniques d\u2019enseignement \u00e0 tous les degr\u00e9s de la formation normale ou continue. Ainsi on aidera, avec d\u2019autres disciplines, au d\u00e9veloppement de l\u2019esprit critique et on luttera contre le conformisme intellectuel et l\u2019obscurantisme, facteurs de d\u00e9cadence des peuples.<\/p>\n<p>La contribution de <span style=\"color: #ff0000;\">Tunisia For All<\/span> passe par plusieurs canaux de communication et essaye de toucher le plus grand nombre de tunisiens. Nous citons&nbsp;:<\/p>\n<ul>\n<li>La veille scientifique et technologique au niveau de notre site Web et de notre page Facebook en liaison avec les autres sites Web et pages Facebook qu\u2019ils soient tunisiens ou \u00e9trangers.<\/li>\n<li>La publication d\u2019articles scientifiques et techniques, \u00e9labor\u00e9s par nos adh\u00e9rents ou par des auteurs tunisiens ou \u00e9trangers qui nous en donnent l\u2019autorisation, sur nos sites ou aupr\u00e8s de sites de grande audience.<\/li>\n<li>L\u2019organisation de programmes ou de chroniques radiophoniques, t\u00e9l\u00e9visuels ou audio visuels sur Internet pour la vulgarisation des connaissances et la diffusion de l\u2019information scientifique, technique et p\u00e9dagogique.<\/li>\n<li>L\u2019organisation, en coordination avec les organisations locales ou nationales de manifestations scientifiques, technologiques, p\u00e9dagogiques ou \u00e9pist\u00e9mologiques dans les r\u00e9gions ou au niveau national, dans les \u00e9coles primaires, les coll\u00e8ges et les lyc\u00e9es.<\/li>\n<li>La promotion d\u2019actions ou de projets de vulgarisation ou de d\u00e9veloppement des sciences, des technologies ou de la p\u00e9dagogie s\u00e9lectionn\u00e9s par le Conseil d\u2019administration de <span style=\"color: #ff0000;\">Tunisia For All<\/span>. Cette promotion peut rev\u00eatir plusieurs formes comme la constitution des dossiers et leur appui aupr\u00e8s des instances de financement, une participation par les moyens humains, logistiques ou financiers propres ou aupr\u00e8s des partenaires locaux ou internationaux.<\/li>\n<li>L\u2019organisation de concours pour permettre la r\u00e9compense et la publication des travaux de recherches ou de d\u00e9veloppements scientifiques, techniques, p\u00e9dagogiques ou \u00e9pist\u00e9mologiques, effectu\u00e9s par des personnes ou des \u00e9quipes au niveaux des cycles primaires, secondaires, sup\u00e9rieurs ou professionnels sur les plans local, national et international.<\/li>\n<\/ul>\n<p>La conduite de ces activit\u00e9s est au dessus des forces et des capacit\u00e9s d\u2019une seule personne ou d\u2019une \u00e9quipe. La multiplicit\u00e9 des domaines de connaissances et des niveaux d\u2019intervention nous raisonne pour la recherche de toutes les volont\u00e9s existantes pour animer et promouvoir ces activit\u00e9s. Des \u00e9quipes par domaine ou sous domaine peuvent \u00eatre constitu\u00e9es, des personnes peuvent intervenir, des projets peuvent \u00eatre lanc\u00e9s, le tout, pour des raisons de coh\u00e9rence et d\u2019optimisation, sera coordonn\u00e9 par les membres de la commission \u00e0 un premier niveau et par le Conseil d\u2019Administration au niveau le plus \u00e9lev\u00e9.<\/p>\n<p>A toute les bonnes volont\u00e9s manifestez-vous et sollicitez nous, ce sera un grand honneur pour nous de vous soutenir pour le d\u00e9veloppement de la culture scientifique, technologique et p\u00e9dagogique dans notre pays.<\/p>\n\n\n<h4 class=\"wp-block-heading\"><a href=\"https:\/\/tunisiaforall.org\/?page_id=2025\">Actions en relation<\/a><\/h4>\n","protected":false},"excerpt":{"rendered":"<p>Depuis la nuit des temps le destin des peuples est fortement li\u00e9 \u00e0 leur participation continue dans l\u2019\u00e9volution des sciences et des technologies. Toute pause ou tout blocage ou refus d\u2019\u00e9volution dans les connaissances et particuli\u00e8rement dans les domaines scientifique et technique a conduit \u00e0 la domination par d\u2019autres peuples, \u00e0 la ruine et parfois [&hellip;]<\/p>\n","protected":false},"author":1,"featured_media":0,"parent":0,"menu_order":0,"comment_status":"closed","ping_status":"closed","template":"","meta":{"ngg_post_thumbnail":0,"footnotes":""},"class_list":["post-119","page","type-page","status-publish","czr-hentry"],"_links":{"self":[{"href":"https:\/\/tunisiaforall.org\/index.php?rest_route=\/wp\/v2\/pages\/119","targetHints":{"allow":["GET"]}}],"collection":[{"href":"https:\/\/tunisiaforall.org\/index.php?rest_route=\/wp\/v2\/pages"}],"about":[{"href":"https:\/\/tunisiaforall.org\/index.php?rest_route=\/wp\/v2\/types\/page"}],"author":[{"embeddable":true,"href":"https:\/\/tunisiaforall.org\/index.php?rest_route=\/wp\/v2\/users\/1"}],"replies":[{"embeddable":true,"href":"https:\/\/tunisiaforall.org\/index.php?rest_route=%2Fwp%2Fv2%2Fcomments&post=119"}],"version-history":[{"count":5,"href":"https:\/\/tunisiaforall.org\/index.php?rest_route=\/wp\/v2\/pages\/119\/revisions"}],"predecessor-version":[{"id":2031,"href":"https:\/\/tunisiaforall.org\/index.php?rest_route=\/wp\/v2\/pages\/119\/revisions\/2031"}],"wp:attachment":[{"href":"https:\/\/tunisiaforall.org\/index.php?rest_route=%2Fwp%2Fv2%2Fmedia&parent=119"}],"curies":[{"name":"wp","href":"https:\/\/api.w.org\/{rel}","templated":true}]}}