{"id":2025,"date":"2019-11-19T21:32:13","date_gmt":"2019-11-19T20:32:13","guid":{"rendered":"https:\/\/tunisiaforall.org\/?page_id=2025"},"modified":"2019-11-20T09:54:54","modified_gmt":"2019-11-20T08:54:54","slug":"support-a-la-recherche-scientifique","status":"publish","type":"page","link":"https:\/\/tunisiaforall.org\/?page_id=2025","title":{"rendered":"Support \u00e0 la Recherche scientifique"},"content":{"rendered":"\n<p><\/p>\n\n\n\n<h4 class=\"wp-block-heading\"> <br>Participation par un travail de recherche dans une conf\u00e9rence internationale <\/h4>\n\n\n\n<p style=\"font-size:0\"><\/p>\n\n\n\n<p>L&rsquo;Association Tunisia For All a permis, avec son support habituel \u00e0 la recherche, la participation dans la conf\u00e9rence <strong>ICERI&rsquo;2019<\/strong>: <strong><em>I<\/em><\/strong><em>nternational <\/em><strong><em>C<\/em><\/strong><em>onference on <\/em><strong><em>E<\/em><\/strong><em>ducation, <\/em><strong><em>R<\/em><\/strong><em>esearch and <\/em><strong><em>I<\/em><\/strong><em>nnovation.<\/em> Ceci par la pr\u00e9sentation d&rsquo;un travail de recherche effectu\u00e9 par Mme Thouraya Daouas, en collaboration avec des partenaires Espagnols de l&rsquo;Universit\u00e9 Castilla La Mancha, repr\u00e9sent\u00e9e par <em>Mme Maria Jos\u00e9 Garcia Meseguer<\/em> et la Spin-off de l&rsquo;Universit\u00e9 de Grenade Conecta 13, repr\u00e9sent\u00e9e par <em>Mme Belen Rojas Medina<\/em>.<\/p>\n\n\n\n<h4 class=\"wp-block-heading\">R\u00e9sum\u00e9 du travail<\/h4>\n\n\n\n<p>Le travail de recherche porte sur la conception d&rsquo;un mod\u00e8le de pr\u00e9diction si les \u00e9tudiants ont acquis les comp\u00e9tences de travail de groupe ou pas. Le mod\u00e8le utilise le Machine Learning pour la pr\u00e9diction et est con\u00e7u \u00e0 l&rsquo;aide de l&rsquo;outil Microsoft Azure Machine Learning.<\/p>\n\n\n\n<p>Une exp\u00e9rimentation a \u00e9t\u00e9 faite sur 119 \u00e9tudiants, issus de 4 promotions diff\u00e9rentes de niveaux Licence et Master et qui ont suivi un cours de travail collaboratif en ligne durant un semestre.<\/p>\n\n\n\n<p><a href=\"https:\/\/iated.org\/concrete3\/view_abstract.php?paper_id=75829\">Lien vers le site de la conf\u00e9rence<\/a><\/p>\n\n\n\n<figure class=\"wp-block-embed-youtube wp-block-embed is-type-video is-provider-youtube wp-embed-aspect-16-9 wp-has-aspect-ratio\"><div class=\"wp-block-embed__wrapper\">\n<iframe width=\"1140\" height=\"641\" src=\"https:\/\/www.youtube.com\/embed\/Gc77AD9QVAM?feature=oembed\" frameborder=\"0\" allow=\"accelerometer; autoplay; encrypted-media; gyroscope; picture-in-picture\" allowfullscreen><\/iframe>\n<\/div><figcaption><strong><em>Photos de la conf\u00e9rence ICERI&rsquo;2019<\/em><\/strong><\/figcaption><\/figure>\n\n\n\n<figure class=\"wp-block-embed-slideshare aligncenter wp-block-embed is-type-rich is-provider-slideshare wp-embed-aspect-1-1 wp-has-aspect-ratio\"><div class=\"wp-block-embed__wrapper\">\n<iframe src=\"https:\/\/www.slideshare.net\/slideshow\/embed_code\/key\/yYdefyyWqt5SdB\" width=\"427\" height=\"356\" frameborder=\"0\" marginwidth=\"0\" marginheight=\"0\" scrolling=\"no\" style=\"border:1px solid #CCC; border-width:1px; margin-bottom:5px; max-width: 100%;\" allowfullscreen> <\/iframe> <div style=\"margin-bottom:5px\"> <strong> <a href=\"https:\/\/www.slideshare.net\/Thou\/prsentation-dune-communication-accepte-dans-iceri2019\" title=\"Pr\u00e9sentation d&#x27;une communication accept\u00e9e dans Iceri2019\" target=\"_blank\">Pr\u00e9sentation d&#x27;une communication accept\u00e9e dans Iceri2019<\/a> <\/strong> from <strong><a href=\"https:\/\/www.slideshare.net\/Thou\" target=\"_blank\">Thouraya Daouas<\/a><\/strong> <\/div>\n<\/div><\/figure>\n\n\n","protected":false},"excerpt":{"rendered":"<p>Participation par un travail de recherche dans une conf\u00e9rence internationale L&rsquo;Association Tunisia For All a permis, avec son support habituel \u00e0 la recherche, la participation dans la conf\u00e9rence ICERI&rsquo;2019: International Conference on Education, Research and Innovation. Ceci par la pr\u00e9sentation d&rsquo;un travail de recherche effectu\u00e9 par Mme Thouraya Daouas, en collaboration avec des partenaires Espagnols [&hellip;]<\/p>\n","protected":false},"author":1,"featured_media":0,"parent":0,"menu_order":0,"comment_status":"closed","ping_status":"closed","template":"","meta":{"ngg_post_thumbnail":0,"footnotes":""},"class_list":["post-2025","page","type-page","status-publish","czr-hentry"],"_links":{"self":[{"href":"https:\/\/tunisiaforall.org\/index.php?rest_route=\/wp\/v2\/pages\/2025","targetHints":{"allow":["GET"]}}],"collection":[{"href":"https:\/\/tunisiaforall.org\/index.php?rest_route=\/wp\/v2\/pages"}],"about":[{"href":"https:\/\/tunisiaforall.org\/index.php?rest_route=\/wp\/v2\/types\/page"}],"author":[{"embeddable":true,"href":"https:\/\/tunisiaforall.org\/index.php?rest_route=\/wp\/v2\/users\/1"}],"replies":[{"embeddable":true,"href":"https:\/\/tunisiaforall.org\/index.php?rest_route=%2Fwp%2Fv2%2Fcomments&post=2025"}],"version-history":[{"count":7,"href":"https:\/\/tunisiaforall.org\/index.php?rest_route=\/wp\/v2\/pages\/2025\/revisions"}],"predecessor-version":[{"id":2034,"href":"https:\/\/tunisiaforall.org\/index.php?rest_route=\/wp\/v2\/pages\/2025\/revisions\/2034"}],"wp:attachment":[{"href":"https:\/\/tunisiaforall.org\/index.php?rest_route=%2Fwp%2Fv2%2Fmedia&parent=2025"}],"curies":[{"name":"wp","href":"https:\/\/api.w.org\/{rel}","templated":true}]}}