{"id":2108,"date":"2020-08-23T11:14:02","date_gmt":"2020-08-23T09:14:02","guid":{"rendered":"https:\/\/tunisiaforall.org\/?page_id=2108"},"modified":"2020-08-25T19:41:34","modified_gmt":"2020-08-25T17:41:34","slug":"ecitoyen","status":"publish","type":"page","link":"https:\/\/tunisiaforall.org\/?page_id=2108","title":{"rendered":"eCitoyen"},"content":{"rendered":"\n<h2 class=\"wp-block-heading\">Solution num\u00e9rique innovante<\/h2>\n\n\n\n<p><strong><span class=\"has-inline-color has-vivid-green-cyan-color\">e-Citoyen<\/span><\/strong> vise \u00e0 am\u00e9liorer les performances des autorit\u00e9s locales en impliquant les citoyens \u00e0 diff\u00e9rents niveaux. De la proposition au contr\u00f4le en passant par la r\u00e9clamation, le citoyen pourra participer au d\u00e9veloppement de sa commune et de sa communaut\u00e9. Les collectivit\u00e9s locales pourront aussi mettre en valeur leurs travaux et installer une collaboration et une relation de confiance fructueuse avec les citoyens.<\/p>\n\n\n\n<p><strong><span class=\"has-inline-color has-vivid-green-cyan-color\">e-Citoyen<\/span><\/strong> se veut \u00eatre \u00e0 la fois, un instrument p\u00e9dagogique de formation citoyenne, un espace d\u2019expression entre les citoyens et les \u00e9lus et un facilitateur pour la gestion transparente des r\u00e9clamations.<\/p>\n\n\n\n<p><strong><span class=\"has-inline-color has-vivid-green-cyan-color\">e-Citoyen<\/span><\/strong> est une plateforme num\u00e9rique multicanale, citoyenne, interactive, et constitue le produit central \u00e0 travers lequel gravitent des produits annexes tels que des jeux s\u00e9rieux, des tutoriaux, une m\u00e9diath\u00e8que, des publications, des s\u00e9minaires, des formations, des colloques, etc.<\/p>\n\n\n\n<h2 class=\"wp-block-heading\">Plaquette<\/h2>\n\n\n\n<div class=\"wp-block-image\"><figure class=\"aligncenter size-large\"><img fetchpriority=\"high\" decoding=\"async\" width=\"1024\" height=\"768\" src=\"https:\/\/tunisiaforall.org\/wp-content\/uploads\/2020\/08\/Plaquette-eCitoyen-1024x768.jpg\" alt=\"\" class=\"wp-image-2109\" srcset=\"https:\/\/tunisiaforall.org\/wp-content\/uploads\/2020\/08\/Plaquette-eCitoyen-1024x768.jpg 1024w, https:\/\/tunisiaforall.org\/wp-content\/uploads\/2020\/08\/Plaquette-eCitoyen-300x225.jpg 300w, https:\/\/tunisiaforall.org\/wp-content\/uploads\/2020\/08\/Plaquette-eCitoyen-768x576.jpg 768w, https:\/\/tunisiaforall.org\/wp-content\/uploads\/2020\/08\/Plaquette-eCitoyen-1536x1152.jpg 1536w, https:\/\/tunisiaforall.org\/wp-content\/uploads\/2020\/08\/Plaquette-eCitoyen-2048x1536.jpg 2048w\" sizes=\"(max-width: 1024px) 100vw, 1024px\" \/><\/figure><\/div>\n\n\n\n<h2 class=\"wp-block-heading\">Webinaire <\/h2>\n\n\n\n<p>Dans le cadre du Webinaire intitul\u00e9 \u00ab\u00a0Le num\u00e9rique pour am\u00e9liorer la communication avec le citoyen\u00a0\u00bb, organis\u00e9 par le <a href=\"https:\/\/www.facebook.com\/ForumTunisiendesLeadersMaghrebines\" target=\"_blank\" rel=\"noreferrer noopener\">Forum Tunisien des Leaders Magh\u00e9bines<\/a>, nous avons pr\u00e9sent\u00e9 le projet eCitoyen.<\/p>\n\n\n\n<h3 class=\"wp-block-heading\">Vid\u00e9o du Webinaire<\/h3>\n\n\n\n<iframe width=\"560\" height=\"315\" src=\"https:\/\/www.youtube.com\/embed\/HjlYEARUgLQ?start=6\" frameborder=\"0\" allow=\"accelerometer; autoplay; encrypted-media; gyroscope; picture-in-picture\" allowfullscreen><\/iframe>\n\n\n\n<h3 class=\"wp-block-heading\">Allocution du Pr\u00e9sident de Tunisia For All M.Touhami Midani<\/h3>\n\n\n\n<p><em>Bonjour \u00e0 Tous, Merci Akil,<\/em><\/p>\n\n\n\n<p><em>Avant de commencer la pr\u00e9sentation de <strong>e-Citoyen<\/strong>, je tiens, au nom de tous les membres de <strong>Tunisia For All<\/strong>, \u00e0 remercier madame <strong>Raoudha Ben Saber<\/strong> pour l\u2019invitation \u00e0 participer \u00e0 ce webinaire et \u00e0 travers elle toutes les membres du R\u00e9seau des Forums des leaders maghr\u00e9bines. Et je salue tous les intervenants et intervenantes ainsi que les internautes qui suivent ce webinaire qui traite \u00ab&nbsp;du num\u00e9rique pour am\u00e9liorer la communication avec le citoyen&nbsp;\u00bb.<\/em><\/p>\n\n\n\n<p><em>Mesdames, Messieurs,<\/em><\/p>\n\n\n\n<p><em>e-Citoyen est n\u00e9 des conclusions du groupe de veille civique de Tunisia For All qui a identifi\u00e9 \u00ab&nbsp;la non implication du citoyen\u00bb comme le risque majeur \u00e0 la mise en \u0153uvre du long processus d\u2019instauration du pouvoir local.<\/em><\/p>\n\n\n\n<p><em>Nous rappelons que les \u00e9lections municipales de 2018 ont fait entrer la Tunisie dans une nouvelle \u00e8re de d\u00e9mocratie participative par la mise en \u0153uvre du chapitre 7 de la constitution qui instaure la gouvernance locale bas\u00e9e sur le principe de la subsidiarit\u00e9.<\/em><\/p>\n\n\n\n<p><em>Or, cette perspective a suscit\u00e9 des attentes \u00e9lev\u00e9es chez le Citoyen d\u00e9passant de loin les moyens dont disposent les nouveaux \u00e9lus.<\/em><\/p>\n\n\n\n<p><em>Et les solutions palliatives, type \u00ab&nbsp;budget participatif&nbsp;\u00bb, n\u2019ont pas consacr\u00e9 l\u2019implication du Citoyen, et encore moins initi\u00e9 un processus de communication transparente par les municipalit\u00e9s.<\/em><\/p>\n\n\n\n<p><em>Comme l\u2019av\u00e8nement du pouvoir local est conditionn\u00e9 par le degr\u00e9 d\u2019implication du citoyen dans les affaires de sa cit\u00e9. Il devient donc urgent d\u2019\u0153uvrer de mani\u00e8re efficace pour instaurer un m\u00e9canisme pour renforcer les interactions entre les citoyens et les collectivit\u00e9s locale.<\/em><\/p>\n\n\n\n<p><em>A ce stade de la r\u00e9flexion, les technologies num\u00e9riques s\u2019imposent comme l\u2019outil le plus appropri\u00e9 pour sensibiliser, encourager et soutenir l\u2019action et la participation des citoyens \u00e0 la chose publique.<\/em><\/p>\n\n\n\n<p><em>L\u2019existant num\u00e9rique est fort maigre. En effet, \u00e0 part des sites web institutionnels d\u00e9velopp\u00e9s par certaines collectivit\u00e9s locales dont la r\u00e9activit\u00e9 est faible&nbsp;; il existe un site web qui essaie de recenser des informations li\u00e9es aux municipalit\u00e9s. Ce site (Obsevatoire municipal), \u00ab Marsad Baladya : www.baladia.marsad.tn \u00bb est une vitrine et ne pr\u00e9sente aucune interactivit\u00e9.<\/em><\/p>\n\n\n\n<p><em>Les membres de <strong>Tunisia For All<\/strong>, en tant que citoyens avertis, et devant le danger de voir ce long processus de la transition d\u00e9mocratique et d\u2019instauration du pouvoir local r\u00e9pudier par une majorit\u00e9 de tunisiens car non-impliqu\u00e9s et impatients d\u2019en r\u00e9colter les fruits promis&nbsp;; ont \u00e9tudi\u00e9 le probl\u00e8me et con\u00e7u l\u2019initiative <strong>e-Citoyen<\/strong> qui a pour ambition de mettre en \u0153uvre une solution num\u00e9rique innovante pour renforcer les interactions entre le citoyen et sa collectivit\u00e9 locale.<\/em><\/p>\n\n\n\n<p><em>La plateforme <strong>e-Citoyen<\/strong> de <strong>Tunisia For All<\/strong> devrait permettre&nbsp;:<\/em><\/p>\n\n\n\n<ul class=\"wp-block-list\"><li><em>de mobiliser et d\u2019impliquer les Citoyens dans la vie de la cit\u00e9&nbsp;;<\/em><\/li><li><em>de mettre en place un syst\u00e8me de communication entre les autorit\u00e9s et les Citoyens&nbsp;;<\/em><\/li><li><em>de mettre en place un r\u00e9ceptacle pour les r\u00e9clamations, les avis et les suggestions&nbsp;;<\/em><\/li><li><em>de d\u00e9velopper la transparence entre le citoyen et les institutions&nbsp;;<\/em><\/li><li><em>de renforcer la culture citoyenne par la diffusion de la culture civique, et la clarification des r\u00f4les et des responsabilit\u00e9s.<\/em><\/li><\/ul>\n\n\n\n<p><em><strong>e-Citoyen<\/strong> vise \u00e0 am\u00e9liorer les performances des autorit\u00e9s locales en impliquant les citoyens \u00e0 diff\u00e9rents niveaux. De la proposition au contr\u00f4le en passant par la r\u00e9clamation, le citoyen pourra participer au d\u00e9veloppement de sa commune et de sa communaut\u00e9. Les collectivit\u00e9s locales pourront aussi mettre en valeur leurs travaux et installer une collaboration et une relation de confiance fructueuse avec les citoyens.<\/em><\/p>\n\n\n\n<p><em><strong>e-Citoyen<\/strong> se veut \u00eatre \u00e0 la fois, un instrument p\u00e9dagogique de formation citoyenne, un espace d\u2019expression entre les citoyens et les \u00e9lus et un facilitateur pour la gestion transparente des r\u00e9clamations.<\/em><\/p>\n\n\n\n<p><em><strong>e-Citoyen<\/strong> est une plateforme num\u00e9rique multicanale, citoyenne, interactive, et constitue le produit central \u00e0 travers lequel gravitent des produits annexes tels que des jeux s\u00e9rieux, des tutoriaux, une m\u00e9diath\u00e8que, des publications, des s\u00e9minaires, des formations, des colloques, etc.<\/em><\/p>\n\n\n\n<p><em>Mesdames, Messieurs,<\/em><\/p>\n\n\n\n<p><em>La plateforme <strong>e-Citoyen<\/strong> a \u00e9t\u00e9 pens\u00e9e pour permettre \u00e0 la municipalit\u00e9 de garder un lien direct avec le citoyen et d\u2019orienter ses interventions pour r\u00e9pondre \u00e0 ses attentes.<\/em><\/p>\n\n\n\n<p><em>La plateforme <strong>e-Citoyen<\/strong> mettra en avant les actions men\u00e9es par les municipalit\u00e9s en r\u00e9ponse aux demandes des citoyens, r\u00e9installera la confiance entre les deux parties et les encouragera \u00e0 d\u00e9velopper leur collaboration.<\/em><\/p>\n\n\n\n<p><em>Mesdames, Messieurs,<\/em><\/p>\n\n\n\n<p><em>Les membres de <strong>Tunisia For all<\/strong> sont convaincus qu\u2019il est important, voir m\u00eame vital, pour la poursuite de l\u2019exp\u00e9rience d\u00e9mocratique en Tunisie, que le citoyen s\u2019implique dans le processus.<\/em><\/p>\n\n\n\n<p><em>Ceci ne pourra se faire que par la mise en place d\u2019une politique d\u2019inclusion qui s\u2019appuie sur des outils p\u00e9dagogiques incitatifs et \u00e9volutifs, capables d\u2019informer, de former et de soutenir le citoyen dans sa qu\u00eate de ses droits, tout en lui rappelant ses devoirs.<\/em><\/p>\n\n\n\n<p><em>Enfin, les collectivit\u00e9s locales, en plus de l\u2019effort important qu\u2019elles doivent effectuer pour accomplir correctement leurs t\u00e2ches de base (propret\u00e9, infrastructures de base), se doivent d\u2019instaurer des canaux de communication transparents avec le citoyen.&nbsp;<\/em><\/p>\n\n\n\n<p><em>En Tunisie nous sommes \u00e0 mi-mandat, les prochaines \u00e9lections municipales sont dans 33 mois. Au vu de la dissolution de plusieurs conseils municipaux et du taux de participation aux \u00e9lections partielles, il est \u00e0 craindre que cette tendance s\u2019accentue si rien de s\u00e9rieux n\u2019est entrepris pour impliquer le citoyen.<\/em><\/p>\n\n\n\n<p><em>Nous restons convaincus qu<a>\u2019<\/a><strong>e-Citoyen<\/strong> sera un catalyseur pour l\u2019instauration de la d\u00e9mocratie participative, o\u00f9 le citoyen sera l\u2019acteur et le b\u00e9n\u00e9ficiaire de la gouvernance locale naissante.<\/em><\/p>\n\n\n\n<p><em>Et la cerise sur le g\u00e2teau&nbsp;: en renfor\u00e7ant la culture civique et num\u00e9rique du citoyen la p\u00e9riode de la transition d\u00e9mocratique et de l\u2019av\u00e8nement du pouvoir local pourrait-\u00eatre \u00e9court\u00e9e et on d\u00e9mentira par la m\u00eame les pr\u00e9visions du minist\u00e8re des affaires locales qui estime l\u2019ach\u00e8vement du process en 2045.<\/em><\/p>\n\n\n\n<p><em>Merci de votre attention.<\/em><\/p>\n\n\n\n<h2 class=\"wp-block-heading\">D\u00e9bat et mot de la fin<\/h2>\n\n\n\n<iframe width=\"560\" height=\"315\" src=\"https:\/\/www.youtube.com\/embed\/R-8Y_PSfqgg\" frameborder=\"0\" allow=\"accelerometer; autoplay; encrypted-media; gyroscope; picture-in-picture\" allowfullscreen><\/iframe>\n","protected":false},"excerpt":{"rendered":"<p>Solution num\u00e9rique innovante e-Citoyen vise \u00e0 am\u00e9liorer les performances des autorit\u00e9s locales en impliquant les citoyens \u00e0 diff\u00e9rents niveaux. De la proposition au contr\u00f4le en passant par la r\u00e9clamation, le citoyen pourra participer au d\u00e9veloppement de sa commune et de sa communaut\u00e9. Les collectivit\u00e9s locales pourront aussi mettre en valeur leurs travaux et installer une [&hellip;]<\/p>\n","protected":false},"author":1,"featured_media":0,"parent":0,"menu_order":0,"comment_status":"closed","ping_status":"closed","template":"","meta":{"ngg_post_thumbnail":0,"footnotes":""},"class_list":["post-2108","page","type-page","status-publish","czr-hentry"],"_links":{"self":[{"href":"https:\/\/tunisiaforall.org\/index.php?rest_route=\/wp\/v2\/pages\/2108","targetHints":{"allow":["GET"]}}],"collection":[{"href":"https:\/\/tunisiaforall.org\/index.php?rest_route=\/wp\/v2\/pages"}],"about":[{"href":"https:\/\/tunisiaforall.org\/index.php?rest_route=\/wp\/v2\/types\/page"}],"author":[{"embeddable":true,"href":"https:\/\/tunisiaforall.org\/index.php?rest_route=\/wp\/v2\/users\/1"}],"replies":[{"embeddable":true,"href":"https:\/\/tunisiaforall.org\/index.php?rest_route=%2Fwp%2Fv2%2Fcomments&post=2108"}],"version-history":[{"count":8,"href":"https:\/\/tunisiaforall.org\/index.php?rest_route=\/wp\/v2\/pages\/2108\/revisions"}],"predecessor-version":[{"id":2120,"href":"https:\/\/tunisiaforall.org\/index.php?rest_route=\/wp\/v2\/pages\/2108\/revisions\/2120"}],"wp:attachment":[{"href":"https:\/\/tunisiaforall.org\/index.php?rest_route=%2Fwp%2Fv2%2Fmedia&parent=2108"}],"curies":[{"name":"wp","href":"https:\/\/api.w.org\/{rel}","templated":true}]}}