{"id":2229,"date":"2020-10-15T17:57:11","date_gmt":"2020-10-15T15:57:11","guid":{"rendered":"https:\/\/tunisiaforall.org\/?page_id=2229"},"modified":"2020-10-16T12:53:53","modified_gmt":"2020-10-16T10:53:53","slug":"dons-et-actions-a-la-delegation-de-jebel-jeloud","status":"publish","type":"page","link":"https:\/\/tunisiaforall.org\/?page_id=2229","title":{"rendered":"Dons et Actions \u00e0 la d\u00e9l\u00e9gation de Jebel Jeloud"},"content":{"rendered":"\t\t<div data-elementor-type=\"wp-page\" data-elementor-id=\"2229\" class=\"elementor elementor-2229\">\n\t\t\t\t\t\t<section class=\"elementor-section elementor-top-section elementor-element elementor-element-5964a9f elementor-section-boxed elementor-section-height-default elementor-section-height-default\" data-id=\"5964a9f\" data-element_type=\"section\" data-e-type=\"section\">\n\t\t\t\t\t\t<div class=\"elementor-container elementor-column-gap-default\">\n\t\t\t\t\t<div class=\"elementor-column elementor-col-100 elementor-top-column elementor-element elementor-element-0383343\" data-id=\"0383343\" data-element_type=\"column\" data-e-type=\"column\">\n\t\t\t<div class=\"elementor-widget-wrap elementor-element-populated\">\n\t\t\t\t\t\t<div class=\"elementor-element elementor-element-fbaa0d4 elementor-widget elementor-widget-text-editor\" data-id=\"fbaa0d4\" data-element_type=\"widget\" data-e-type=\"widget\" data-widget_type=\"text-editor.default\">\n\t\t\t\t<div class=\"elementor-widget-container\">\n\t\t\t\t\t\t\t\t\t<ul>\n<li><a href=\"https:\/\/tunisiaforall.org\/wp-content\/uploads\/2020\/04\/00011.jpg\">Demande de don<\/a>.<\/li>\n<li>53 400 Dinars de dons r\u00e9colt\u00e9s.<\/li>\n<li>Les soci\u00e9t\u00e9s donatrices sont :\n<ul>\n<li><i>Ciment Artificiels Tunisiens.<\/i><\/li>\n<li><i>Engrais Produits Chimiques de M\u00e9grine.<\/i><\/li>\n<li><i>GRE Daouadi Fr\u00e8res Mat\u00e9riaux d&rsquo;Equipement.<\/i><\/li>\n<li><i>Tous fruits.<\/i><\/li>\n<li><i>Star Fruit.<\/i><\/li>\n<li><i>ISRAA Sces Envir.<\/i><\/li>\n<li><i>St\u00e9 Jouhara (Covid19 &#8211; Jebel Jelloud).<\/i><\/li>\n<li><i>SICOAC.<\/i><\/li>\n<li><i>Moulins modernes.<\/i><\/li>\n<li><i>SOTUMIS.<\/i><\/li>\n<li><i>Electrometal.<\/i><\/li>\n<li><i>MATECH.<\/i><\/li>\n<li><i>SMC Les Vignerons.<\/i><\/li>\n<li><i>Tunisie COAL.<\/i><\/li>\n<li><i>T. Manutention.<\/i><\/li>\n<li><i>CMA.<\/i><\/li>\n<li><i>SOS surveillance.<\/i><\/li>\n<li><i>COTUSEM.<\/i><\/li>\n<li><i>Le Cirque de Produits d&rsquo;entretien.<\/i><\/li>\n<li><i>SICOAC.<\/i><\/li>\n<\/ul>\n<\/li>\n<li>Les actions entreprises sont :\n<ul>\n<li>Aides aux familles n\u00e9cessiteuses, sous forme de :\n<ul>\n<li>Distribution de 700 bons d\u2019achats Aziza&nbsp;: 35.000 DT.<\/li>\n<li>2 190 DT de Produits alimentaires pour l\u2019action du minist\u00e8re des affaires sociales.<\/li>\n<li>Aides m\u00e9dicales&nbsp;: 1 612 DT.<\/li>\n<\/ul>\n<\/li>\n<li>Aides aux forces de l\u2019ordre et \u00e0 l\u2019administration locale&nbsp;: 5&nbsp;488 DT.<\/li>\n<li><a href=\"https:\/\/tunisiaforall.org\/?page_id=2082\">Aides aux \u00e9coles&nbsp;: 3&nbsp;873 DT.<\/a><\/li>\n<li>Aide au comit\u00e9 local de solidarit\u00e9&nbsp;: 2&nbsp;500 DT<\/li>\n<\/ul>\n<\/li>\n<\/ul>\t\t\t\t\t\t\t\t<\/div>\n\t\t\t\t<\/div>\n\t\t\t\t\t<\/div>\n\t\t<\/div>\n\t\t\t\t\t<\/div>\n\t\t<\/section>\n\t\t\t\t<section class=\"elementor-section elementor-top-section elementor-element elementor-element-f1901cb elementor-section-boxed elementor-section-height-default elementor-section-height-default\" data-id=\"f1901cb\" data-element_type=\"section\" data-e-type=\"section\">\n\t\t\t\t\t\t<div class=\"elementor-container elementor-column-gap-default\">\n\t\t\t\t\t<div class=\"elementor-column elementor-col-100 elementor-top-column elementor-element elementor-element-9c7e42c\" data-id=\"9c7e42c\" data-element_type=\"column\" data-e-type=\"column\">\n\t\t\t<div class=\"elementor-widget-wrap elementor-element-populated\">\n\t\t\t\t\t\t<div class=\"elementor-element elementor-element-aaac098 elementor-widget elementor-widget-image\" data-id=\"aaac098\" data-element_type=\"widget\" data-e-type=\"widget\" data-widget_type=\"image.default\">\n\t\t\t\t<div class=\"elementor-widget-container\">\n\t\t\t\t\t\t\t\t\t\t\t\t\t\t\t<img fetchpriority=\"high\" decoding=\"async\" width=\"1024\" height=\"763\" src=\"https:\/\/tunisiaforall.org\/wp-content\/uploads\/2020\/10\/Repartition-1024x763.jpg\" class=\"attachment-large size-large wp-image-2289\" alt=\"\" srcset=\"https:\/\/tunisiaforall.org\/wp-content\/uploads\/2020\/10\/Repartition-1024x763.jpg 1024w, https:\/\/tunisiaforall.org\/wp-content\/uploads\/2020\/10\/Repartition-300x223.jpg 300w, https:\/\/tunisiaforall.org\/wp-content\/uploads\/2020\/10\/Repartition-768x572.jpg 768w, https:\/\/tunisiaforall.org\/wp-content\/uploads\/2020\/10\/Repartition.jpg 1145w\" sizes=\"(max-width: 1024px) 100vw, 1024px\" \/>\t\t\t\t\t\t\t\t\t\t\t\t\t\t\t<\/div>\n\t\t\t\t<\/div>\n\t\t\t\t\t<\/div>\n\t\t<\/div>\n\t\t\t\t\t<\/div>\n\t\t<\/section>\n\t\t\t\t<\/div>\n\t\t","protected":false},"excerpt":{"rendered":"<p>Demande de don. 53 400 Dinars de dons r\u00e9colt\u00e9s. Les soci\u00e9t\u00e9s donatrices sont : Ciment Artificiels Tunisiens. Engrais Produits Chimiques de M\u00e9grine. GRE Daouadi Fr\u00e8res Mat\u00e9riaux d&rsquo;Equipement. Tous fruits. Star Fruit. ISRAA Sces Envir. St\u00e9 Jouhara (Covid19 &#8211; Jebel Jelloud). SICOAC. Moulins modernes. SOTUMIS. Electrometal. MATECH. SMC Les Vignerons. Tunisie COAL. T. Manutention. CMA. SOS [&hellip;]<\/p>\n","protected":false},"author":1,"featured_media":0,"parent":0,"menu_order":0,"comment_status":"closed","ping_status":"closed","template":"","meta":{"ngg_post_thumbnail":0,"footnotes":""},"class_list":["post-2229","page","type-page","status-publish","czr-hentry"],"_links":{"self":[{"href":"https:\/\/tunisiaforall.org\/index.php?rest_route=\/wp\/v2\/pages\/2229","targetHints":{"allow":["GET"]}}],"collection":[{"href":"https:\/\/tunisiaforall.org\/index.php?rest_route=\/wp\/v2\/pages"}],"about":[{"href":"https:\/\/tunisiaforall.org\/index.php?rest_route=\/wp\/v2\/types\/page"}],"author":[{"embeddable":true,"href":"https:\/\/tunisiaforall.org\/index.php?rest_route=\/wp\/v2\/users\/1"}],"replies":[{"embeddable":true,"href":"https:\/\/tunisiaforall.org\/index.php?rest_route=%2Fwp%2Fv2%2Fcomments&post=2229"}],"version-history":[{"count":15,"href":"https:\/\/tunisiaforall.org\/index.php?rest_route=\/wp\/v2\/pages\/2229\/revisions"}],"predecessor-version":[{"id":2290,"href":"https:\/\/tunisiaforall.org\/index.php?rest_route=\/wp\/v2\/pages\/2229\/revisions\/2290"}],"wp:attachment":[{"href":"https:\/\/tunisiaforall.org\/index.php?rest_route=%2Fwp%2Fv2%2Fmedia&parent=2229"}],"curies":[{"name":"wp","href":"https:\/\/api.w.org\/{rel}","templated":true}]}}