{"id":2236,"date":"2020-10-15T18:17:28","date_gmt":"2020-10-15T16:17:28","guid":{"rendered":"https:\/\/tunisiaforall.org\/?page_id=2236"},"modified":"2020-10-15T19:41:55","modified_gmt":"2020-10-15T17:41:55","slug":"dons-de-masques-ffp3","status":"publish","type":"page","link":"https:\/\/tunisiaforall.org\/?page_id=2236","title":{"rendered":"Dons de masques FFP3"},"content":{"rendered":"\t\t<div data-elementor-type=\"wp-page\" data-elementor-id=\"2236\" class=\"elementor elementor-2236\">\n\t\t\t\t\t\t<section class=\"elementor-section elementor-top-section elementor-element elementor-element-652ded6 elementor-section-boxed elementor-section-height-default elementor-section-height-default\" data-id=\"652ded6\" data-element_type=\"section\" data-e-type=\"section\">\n\t\t\t\t\t\t<div class=\"elementor-container elementor-column-gap-default\">\n\t\t\t\t\t<div class=\"elementor-column elementor-col-100 elementor-top-column elementor-element elementor-element-a307a6f\" data-id=\"a307a6f\" data-element_type=\"column\" data-e-type=\"column\">\n\t\t\t<div class=\"elementor-widget-wrap elementor-element-populated\">\n\t\t\t\t\t\t<div class=\"elementor-element elementor-element-0a719b9 elementor-widget elementor-widget-text-editor\" data-id=\"0a719b9\" data-element_type=\"widget\" data-e-type=\"widget\" data-widget_type=\"text-editor.default\">\n\t\t\t\t<div class=\"elementor-widget-container\">\n\t\t\t\t\t\t\t\t\t<p>Les membres et amis de Tunisia For All \u00e0 l\u2019\u00e9tranger, qu\u2019ils en soient tous remercier, nous ont envoy\u00e9 un don de 5.000 masques FFP3.<\/p><p>Ces masques ont \u00e9t\u00e9 distribu\u00e9s comme suit :<\/p>\t\t\t\t\t\t\t\t<\/div>\n\t\t\t\t<\/div>\n\t\t\t\t\t<\/div>\n\t\t<\/div>\n\t\t\t\t\t<\/div>\n\t\t<\/section>\n\t\t\t\t<section class=\"elementor-section elementor-top-section elementor-element elementor-element-8465805 elementor-section-boxed elementor-section-height-default elementor-section-height-default\" data-id=\"8465805\" data-element_type=\"section\" data-e-type=\"section\">\n\t\t\t\t\t\t<div class=\"elementor-container elementor-column-gap-default\">\n\t\t\t\t\t<div class=\"elementor-column elementor-col-66 elementor-top-column elementor-element elementor-element-93a44c3\" data-id=\"93a44c3\" data-element_type=\"column\" data-e-type=\"column\">\n\t\t\t<div class=\"elementor-widget-wrap elementor-element-populated\">\n\t\t\t\t\t\t<div class=\"elementor-element elementor-element-42aa6da elementor-widget elementor-widget-heading\" data-id=\"42aa6da\" data-element_type=\"widget\" data-e-type=\"widget\" data-widget_type=\"heading.default\">\n\t\t\t\t<div class=\"elementor-widget-container\">\n\t\t\t\t\t<h5 class=\"elementor-heading-title elementor-size-default\">Destinataire<\/h5>\t\t\t\t<\/div>\n\t\t\t\t<\/div>\n\t\t\t\t\t<\/div>\n\t\t<\/div>\n\t\t\t\t<div class=\"elementor-column elementor-col-33 elementor-top-column elementor-element elementor-element-04285e2\" data-id=\"04285e2\" data-element_type=\"column\" data-e-type=\"column\">\n\t\t\t<div class=\"elementor-widget-wrap elementor-element-populated\">\n\t\t\t\t\t\t<div class=\"elementor-element elementor-element-aa182ac elementor-widget elementor-widget-heading\" data-id=\"aa182ac\" data-element_type=\"widget\" data-e-type=\"widget\" data-widget_type=\"heading.default\">\n\t\t\t\t<div class=\"elementor-widget-container\">\n\t\t\t\t\t<h5 class=\"elementor-heading-title elementor-size-default\">Quantit\u00e9<\/h5>\t\t\t\t<\/div>\n\t\t\t\t<\/div>\n\t\t\t\t\t<\/div>\n\t\t<\/div>\n\t\t\t\t\t<\/div>\n\t\t<\/section>\n\t\t\t\t<section class=\"elementor-section elementor-top-section elementor-element elementor-element-2734ad9 elementor-section-boxed elementor-section-height-default elementor-section-height-default\" data-id=\"2734ad9\" data-element_type=\"section\" data-e-type=\"section\">\n\t\t\t\t\t\t<div class=\"elementor-container elementor-column-gap-default\">\n\t\t\t\t\t<div class=\"elementor-column elementor-col-66 elementor-top-column elementor-element elementor-element-13b0df3\" data-id=\"13b0df3\" data-element_type=\"column\" data-e-type=\"column\">\n\t\t\t<div class=\"elementor-widget-wrap elementor-element-populated\">\n\t\t\t\t\t\t<div class=\"elementor-element elementor-element-0f6cc0a elementor-widget elementor-widget-text-editor\" data-id=\"0f6cc0a\" data-element_type=\"widget\" data-e-type=\"widget\" data-widget_type=\"text-editor.default\">\n\t\t\t\t<div class=\"elementor-widget-container\">\n\t\t\t\t\t\t\t\t\t<p>Commandant supr\u00eame des forces arm\u00e9es.<\/p>\n<p>H\u00f4pital Abderrahmane Memmi.<\/p>\n<p>H\u00f4pital Fatouma Bourguiba Monastir.&nbsp; &nbsp; &nbsp; &nbsp; &nbsp; &nbsp;&nbsp;<\/p>\n<p>H\u00f4pital R\u00e9gional de B\u00e9ja.&nbsp; &nbsp; &nbsp;&nbsp;<\/p>\n<p>H\u00f4pital R\u00e9gional de Jendouba.&nbsp; &nbsp; &nbsp; &nbsp; &nbsp;&nbsp;<\/p>\n<p>H\u00f4pital R\u00e9gional du Kef.&nbsp; &nbsp; &nbsp;&nbsp;<\/p>\n<p>H\u00f4pital R\u00e9gional de Siliana.&nbsp;&nbsp;<\/p>\n<p>H\u00f4pital R\u00e9gional de Zaghouan.&nbsp; &nbsp; &nbsp; &nbsp; &nbsp;&nbsp;<\/p>\n<p>H\u00f4pitaux de Sfax et R\u00e9gion du Sud Tunisien.&nbsp; &nbsp; &nbsp; &nbsp; &nbsp; &nbsp; &nbsp;&nbsp;<\/p>\n<p>Divers.<\/p>\n<p>&nbsp;<\/p>\t\t\t\t\t\t\t\t<\/div>\n\t\t\t\t<\/div>\n\t\t\t\t\t<\/div>\n\t\t<\/div>\n\t\t\t\t<div class=\"elementor-column elementor-col-33 elementor-top-column elementor-element elementor-element-4c221ef\" data-id=\"4c221ef\" data-element_type=\"column\" data-e-type=\"column\">\n\t\t\t<div class=\"elementor-widget-wrap elementor-element-populated\">\n\t\t\t\t\t\t<div class=\"elementor-element elementor-element-65fb424 elementor-widget elementor-widget-text-editor\" data-id=\"65fb424\" data-element_type=\"widget\" data-e-type=\"widget\" data-widget_type=\"text-editor.default\">\n\t\t\t\t<div class=\"elementor-widget-container\">\n\t\t\t\t\t\t\t\t\t<p style=\"text-align: center;\">2000<\/p><p style=\"text-align: center;\">350<\/p><p style=\"text-align: center;\">500<\/p><p style=\"text-align: center;\">150<\/p><p style=\"text-align: center;\">150<\/p><p style=\"text-align: center;\">150<\/p><p style=\"text-align: center;\">150<\/p><p style=\"text-align: center;\">150<\/p><p style=\"text-align: center;\">1000<\/p><p style=\"text-align: center;\">400<\/p><p style=\"text-align: center;\">\u00a0<\/p>\t\t\t\t\t\t\t\t<\/div>\n\t\t\t\t<\/div>\n\t\t\t\t\t<\/div>\n\t\t<\/div>\n\t\t\t\t\t<\/div>\n\t\t<\/section>\n\t\t\t\t<section class=\"elementor-section elementor-top-section elementor-element elementor-element-1375902 elementor-section-boxed elementor-section-height-default elementor-section-height-default\" data-id=\"1375902\" data-element_type=\"section\" data-e-type=\"section\">\n\t\t\t\t\t\t<div class=\"elementor-container elementor-column-gap-default\">\n\t\t\t\t\t<div class=\"elementor-column elementor-col-100 elementor-top-column elementor-element elementor-element-a543157\" data-id=\"a543157\" data-element_type=\"column\" data-e-type=\"column\">\n\t\t\t<div class=\"elementor-widget-wrap elementor-element-populated\">\n\t\t\t\t\t\t<div class=\"elementor-element elementor-element-5cc276b elementor-widget elementor-widget-text-editor\" data-id=\"5cc276b\" data-element_type=\"widget\" data-e-type=\"widget\" data-widget_type=\"text-editor.default\">\n\t\t\t\t<div class=\"elementor-widget-container\">\n\t\t\t\t\t\t\t\t\t<h4 class=\"elementor-heading-title elementor-size-default\" style=\"text-align: center;\"><a href=\"https:\/\/tunisiaforall.org\/?p=2206\" target=\"_blank\" rel=\"noopener\">Remise Don Masques FFP3 \u00e0 l\u2019H\u00f4pital Abderrahmane Mami<\/a><\/h4><div><h4 class=\"elementor-heading-title elementor-size-default\" style=\"color: #13698d; line-height: 1.8em; text-align: center;\"><a href=\"https:\/\/tunisiaforall.org\/?p=2189\" target=\"_blank\" rel=\"noopener\">Remise Don Masques FFP3 \u00e0 la r\u00e9gion de Monastir<\/a><\/h4><h4 class=\"elementor-heading-title elementor-size-default\" style=\"color: #13698d; line-height: 1.8em; text-align: center;\"><a href=\"https:\/\/tunisiaforall.org\/?p=2257\" target=\"_blank\" rel=\"noopener\">Remise Don Masques FFP3 \u00e0 Siliana<\/a><\/h4><h4 class=\"elementor-heading-title elementor-size-default\" style=\"color: #13698d; line-height: 1.8em; text-align: center;\"><a href=\"https:\/\/tunisiaforall.org\/?p=2266\" target=\"_blank\" rel=\"noopener\">Remise Don Masques FFP3 \u00e0 Jendouba<\/a><\/h4><h4 class=\"elementor-heading-title elementor-size-default\" style=\"color: #13698d; line-height: 1.8em; text-align: center;\"><a href=\"https:\/\/tunisiaforall.org\/?p=2269\" target=\"_blank\" rel=\"noopener\">Remise Don Masques FFP3 \u00e0 B\u00e9ja<\/a><\/h4><h4 class=\"elementor-heading-title elementor-size-default\" style=\"color: #13698d; line-height: 1.8em; text-align: center;\"><a href=\"https:\/\/tunisiaforall.org\/?p=2273\" target=\"_blank\" rel=\"noopener\">Remise Don Masques au Kef<\/a><\/h4><div>\u00a0<\/div><\/div>\t\t\t\t\t\t\t\t<\/div>\n\t\t\t\t<\/div>\n\t\t\t\t\t<\/div>\n\t\t<\/div>\n\t\t\t\t\t<\/div>\n\t\t<\/section>\n\t\t\t\t<\/div>\n\t\t","protected":false},"excerpt":{"rendered":"<p>Les membres et amis de Tunisia For All \u00e0 l\u2019\u00e9tranger, qu\u2019ils en soient tous remercier, nous ont envoy\u00e9 un don de 5.000 masques FFP3. Ces masques ont \u00e9t\u00e9 distribu\u00e9s comme suit : Destinataire Quantit\u00e9 Commandant supr\u00eame des forces arm\u00e9es. H\u00f4pital Abderrahmane Memmi. H\u00f4pital Fatouma Bourguiba Monastir.&nbsp; &nbsp; &nbsp; &nbsp; &nbsp; &nbsp;&nbsp; H\u00f4pital R\u00e9gional de B\u00e9ja.&nbsp; [&hellip;]<\/p>\n","protected":false},"author":1,"featured_media":0,"parent":0,"menu_order":0,"comment_status":"closed","ping_status":"closed","template":"","meta":{"ngg_post_thumbnail":0,"footnotes":""},"class_list":["post-2236","page","type-page","status-publish","czr-hentry"],"_links":{"self":[{"href":"https:\/\/tunisiaforall.org\/index.php?rest_route=\/wp\/v2\/pages\/2236","targetHints":{"allow":["GET"]}}],"collection":[{"href":"https:\/\/tunisiaforall.org\/index.php?rest_route=\/wp\/v2\/pages"}],"about":[{"href":"https:\/\/tunisiaforall.org\/index.php?rest_route=\/wp\/v2\/types\/page"}],"author":[{"embeddable":true,"href":"https:\/\/tunisiaforall.org\/index.php?rest_route=\/wp\/v2\/users\/1"}],"replies":[{"embeddable":true,"href":"https:\/\/tunisiaforall.org\/index.php?rest_route=%2Fwp%2Fv2%2Fcomments&post=2236"}],"version-history":[{"count":11,"href":"https:\/\/tunisiaforall.org\/index.php?rest_route=\/wp\/v2\/pages\/2236\/revisions"}],"predecessor-version":[{"id":2285,"href":"https:\/\/tunisiaforall.org\/index.php?rest_route=\/wp\/v2\/pages\/2236\/revisions\/2285"}],"wp:attachment":[{"href":"https:\/\/tunisiaforall.org\/index.php?rest_route=%2Fwp%2Fv2%2Fmedia&parent=2236"}],"curies":[{"name":"wp","href":"https:\/\/api.w.org\/{rel}","templated":true}]}}