{"id":2343,"date":"2021-03-10T11:24:04","date_gmt":"2021-03-10T10:24:04","guid":{"rendered":"https:\/\/tunisiaforall.org\/?page_id=2343"},"modified":"2021-05-27T18:28:54","modified_gmt":"2021-05-27T16:28:54","slug":"webinaires","status":"publish","type":"page","link":"https:\/\/tunisiaforall.org\/?page_id=2343","title":{"rendered":"Webinaires"},"content":{"rendered":"\t\t<div data-elementor-type=\"wp-page\" data-elementor-id=\"2343\" class=\"elementor elementor-2343\">\n\t\t\t\t\t\t<section class=\"elementor-section elementor-top-section elementor-element elementor-element-4e360348 elementor-section-height-min-height elementor-section-boxed elementor-section-height-default elementor-section-items-middle elementor-invisible\" data-id=\"4e360348\" data-element_type=\"section\" data-e-type=\"section\" data-settings=\"{&quot;background_background&quot;:&quot;slideshow&quot;,&quot;background_slideshow_gallery&quot;:[{&quot;id&quot;:2369,&quot;url&quot;:&quot;https:\\\/\\\/tunisiaforall.org\\\/wp-content\\\/uploads\\\/2021\\\/03\\\/tech-5090539_1920.jpg&quot;}],&quot;animation&quot;:&quot;fadeIn&quot;,&quot;background_slideshow_loop&quot;:&quot;yes&quot;,&quot;background_slideshow_slide_duration&quot;:5000,&quot;background_slideshow_slide_transition&quot;:&quot;fade&quot;,&quot;background_slideshow_transition_duration&quot;:500}\">\n\t\t\t\t\t\t\t<div class=\"elementor-background-overlay\"><\/div>\n\t\t\t\t\t\t\t<div class=\"elementor-container elementor-column-gap-default\">\n\t\t\t\t\t<div class=\"elementor-column elementor-col-100 elementor-top-column elementor-element elementor-element-4814e7fa\" data-id=\"4814e7fa\" data-element_type=\"column\" data-e-type=\"column\">\n\t\t\t<div class=\"elementor-widget-wrap elementor-element-populated\">\n\t\t\t\t\t\t<div class=\"elementor-element elementor-element-4f9f30c6 elementor-invisible elementor-widget elementor-widget-heading\" data-id=\"4f9f30c6\" data-element_type=\"widget\" data-e-type=\"widget\" data-settings=\"{&quot;_animation&quot;:&quot;fadeIn&quot;}\" data-widget_type=\"heading.default\">\n\t\t\t\t<div class=\"elementor-widget-container\">\n\t\t\t\t\t<h2 class=\"elementor-heading-title elementor-size-large\">Webinaires<\/h2>\t\t\t\t<\/div>\n\t\t\t\t<\/div>\n\t\t\t\t<div class=\"elementor-element elementor-element-2df76495 elementor-widget-divider--view-line elementor-invisible elementor-widget elementor-widget-divider\" data-id=\"2df76495\" data-element_type=\"widget\" data-e-type=\"widget\" data-settings=\"{&quot;_animation&quot;:&quot;zoomIn&quot;}\" data-widget_type=\"divider.default\">\n\t\t\t\t<div class=\"elementor-widget-container\">\n\t\t\t\t\t\t\t<div class=\"elementor-divider\">\n\t\t\t<span class=\"elementor-divider-separator\">\n\t\t\t\t\t\t<\/span>\n\t\t<\/div>\n\t\t\t\t\t\t<\/div>\n\t\t\t\t<\/div>\n\t\t\t\t<div class=\"elementor-element elementor-element-1205f2fc elementor-invisible elementor-widget elementor-widget-heading\" data-id=\"1205f2fc\" data-element_type=\"widget\" data-e-type=\"widget\" data-settings=\"{&quot;_animation&quot;:&quot;fadeIn&quot;}\" data-widget_type=\"heading.default\">\n\t\t\t\t<div class=\"elementor-widget-container\">\n\t\t\t\t\t<p class=\"elementor-heading-title elementor-size-medium\">Organis\u00e9s par Tunisia For All sur des th\u00e8mes qui r\u00e9pondent aux objectifs et mission de l'Association.<\/p>\t\t\t\t<\/div>\n\t\t\t\t<\/div>\n\t\t\t\t\t<\/div>\n\t\t<\/div>\n\t\t\t\t\t<\/div>\n\t\t<\/section>\n\t\t\t\t<section class=\"elementor-section elementor-top-section elementor-element elementor-element-6501545b elementor-section-boxed elementor-section-height-default elementor-section-height-default\" data-id=\"6501545b\" data-element_type=\"section\" data-e-type=\"section\" data-settings=\"{&quot;background_background&quot;:&quot;none&quot;}\">\n\t\t\t\t\t\t<div class=\"elementor-container elementor-column-gap-default\">\n\t\t\t\t\t<div class=\"elementor-column elementor-col-100 elementor-top-column elementor-element elementor-element-7a6df75a\" data-id=\"7a6df75a\" data-element_type=\"column\" data-e-type=\"column\">\n\t\t\t<div class=\"elementor-widget-wrap\">\n\t\t\t\t\t\t\t<\/div>\n\t\t<\/div>\n\t\t\t\t\t<\/div>\n\t\t<\/section>\n\t\t\t\t<section class=\"elementor-section elementor-top-section elementor-element elementor-element-6e39849 elementor-section-height-min-height elementor-section-content-middle elementor-section-boxed elementor-section-height-default elementor-section-items-middle\" data-id=\"6e39849\" data-element_type=\"section\" data-e-type=\"section\" data-settings=\"{&quot;background_background&quot;:&quot;classic&quot;}\">\n\t\t\t\t\t\t<div class=\"elementor-container elementor-column-gap-default\">\n\t\t\t\t\t<div class=\"elementor-column elementor-col-50 elementor-top-column elementor-element elementor-element-57e96dd0\" data-id=\"57e96dd0\" data-element_type=\"column\" data-e-type=\"column\">\n\t\t\t<div class=\"elementor-widget-wrap elementor-element-populated\">\n\t\t\t\t\t\t<div class=\"elementor-element elementor-element-984cfa2 elementor-widget-divider--view-line elementor-widget elementor-widget-divider\" data-id=\"984cfa2\" data-element_type=\"widget\" data-e-type=\"widget\" data-widget_type=\"divider.default\">\n\t\t\t\t<div class=\"elementor-widget-container\">\n\t\t\t\t\t\t\t<div class=\"elementor-divider\">\n\t\t\t<span class=\"elementor-divider-separator\">\n\t\t\t\t\t\t<\/span>\n\t\t<\/div>\n\t\t\t\t\t\t<\/div>\n\t\t\t\t<\/div>\n\t\t\t\t<div class=\"elementor-element elementor-element-74acd865 elementor-widget elementor-widget-heading\" data-id=\"74acd865\" data-element_type=\"widget\" data-e-type=\"widget\" data-widget_type=\"heading.default\">\n\t\t\t\t<div class=\"elementor-widget-container\">\n\t\t\t\t\t<h5 class=\"elementor-heading-title elementor-size-large\">Le Code des eaux<\/h5>\t\t\t\t<\/div>\n\t\t\t\t<\/div>\n\t\t\t\t<div class=\"elementor-element elementor-element-36dc1d15 elementor-widget elementor-widget-text-editor\" data-id=\"36dc1d15\" data-element_type=\"widget\" data-e-type=\"widget\" data-widget_type=\"text-editor.default\">\n\t\t\t\t<div class=\"elementor-widget-container\">\n\t\t\t\t\t\t\t\t\t<p>Organis\u00e9 le 16 F\u00e9vrier 2021.<\/p>\t\t\t\t\t\t\t\t<\/div>\n\t\t\t\t<\/div>\n\t\t\t\t<div class=\"elementor-element elementor-element-7106cc1 elementor-widget elementor-widget-heading\" data-id=\"7106cc1\" data-element_type=\"widget\" data-e-type=\"widget\" data-widget_type=\"heading.default\">\n\t\t\t\t<div class=\"elementor-widget-container\">\n\t\t\t\t\t<p class=\"elementor-heading-title elementor-size-medium\"><a href=\"https:\/\/tunisiaforall.org\/?page_id=2377\">Lire plus...<\/a><\/p>\t\t\t\t<\/div>\n\t\t\t\t<\/div>\n\t\t\t\t\t<\/div>\n\t\t<\/div>\n\t\t\t\t<div class=\"elementor-column elementor-col-50 elementor-top-column elementor-element elementor-element-512286b0\" data-id=\"512286b0\" data-element_type=\"column\" data-e-type=\"column\">\n\t\t\t<div class=\"elementor-widget-wrap elementor-element-populated\">\n\t\t\t\t\t\t<div class=\"elementor-element elementor-element-7decb2fb elementor-widget elementor-widget-image\" data-id=\"7decb2fb\" data-element_type=\"widget\" data-e-type=\"widget\" data-widget_type=\"image.default\">\n\t\t\t\t<div class=\"elementor-widget-container\">\n\t\t\t\t\t\t\t\t\t\t\t\t\t\t\t\t<a href=\"https:\/\/tunisiaforall.org\/?page_id=2377\">\n\t\t\t\t\t\t\t<img fetchpriority=\"high\" decoding=\"async\" width=\"1920\" height=\"1080\" src=\"https:\/\/tunisiaforall.org\/wp-content\/uploads\/2021\/03\/Affiche-Webinaire-Eau.png\" class=\"attachment-full size-full wp-image-2370\" alt=\"\" srcset=\"https:\/\/tunisiaforall.org\/wp-content\/uploads\/2021\/03\/Affiche-Webinaire-Eau.png 1920w, https:\/\/tunisiaforall.org\/wp-content\/uploads\/2021\/03\/Affiche-Webinaire-Eau-300x169.png 300w, https:\/\/tunisiaforall.org\/wp-content\/uploads\/2021\/03\/Affiche-Webinaire-Eau-1024x576.png 1024w, https:\/\/tunisiaforall.org\/wp-content\/uploads\/2021\/03\/Affiche-Webinaire-Eau-768x432.png 768w, https:\/\/tunisiaforall.org\/wp-content\/uploads\/2021\/03\/Affiche-Webinaire-Eau-1536x864.png 1536w, https:\/\/tunisiaforall.org\/wp-content\/uploads\/2021\/03\/Affiche-Webinaire-Eau-1110x624.png 1110w, https:\/\/tunisiaforall.org\/wp-content\/uploads\/2021\/03\/Affiche-Webinaire-Eau-528x297.png 528w\" sizes=\"(max-width: 1920px) 100vw, 1920px\" \/>\t\t\t\t\t\t\t\t<\/a>\n\t\t\t\t\t\t\t\t\t\t\t\t\t\t\t<\/div>\n\t\t\t\t<\/div>\n\t\t\t\t\t<\/div>\n\t\t<\/div>\n\t\t\t\t\t<\/div>\n\t\t<\/section>\n\t\t\t\t<section class=\"elementor-section elementor-top-section elementor-element elementor-element-104cf507 elementor-section-height-min-height elementor-section-content-middle elementor-reverse-mobile elementor-section-boxed elementor-section-height-default elementor-section-items-middle\" data-id=\"104cf507\" data-element_type=\"section\" data-e-type=\"section\" data-settings=\"{&quot;background_background&quot;:&quot;none&quot;}\">\n\t\t\t\t\t\t<div class=\"elementor-container elementor-column-gap-default\">\n\t\t\t\t\t<div class=\"elementor-column elementor-col-50 elementor-top-column elementor-element elementor-element-5d05a745\" data-id=\"5d05a745\" data-element_type=\"column\" data-e-type=\"column\">\n\t\t\t<div class=\"elementor-widget-wrap elementor-element-populated\">\n\t\t\t\t\t\t<div class=\"elementor-element elementor-element-329b9962 elementor-widget elementor-widget-image\" data-id=\"329b9962\" data-element_type=\"widget\" data-e-type=\"widget\" data-widget_type=\"image.default\">\n\t\t\t\t<div class=\"elementor-widget-container\">\n\t\t\t\t\t\t\t\t\t\t\t\t\t\t\t\t<a href=\"https:\/\/tunisiaforall.org\/?page_id=2418\">\n\t\t\t\t\t\t\t<img decoding=\"async\" width=\"1920\" height=\"1080\" src=\"https:\/\/tunisiaforall.org\/wp-content\/uploads\/2021\/03\/Affiche-Webinaire.png\" class=\"attachment-full size-full wp-image-2371\" alt=\"\" srcset=\"https:\/\/tunisiaforall.org\/wp-content\/uploads\/2021\/03\/Affiche-Webinaire.png 1920w, https:\/\/tunisiaforall.org\/wp-content\/uploads\/2021\/03\/Affiche-Webinaire-300x169.png 300w, https:\/\/tunisiaforall.org\/wp-content\/uploads\/2021\/03\/Affiche-Webinaire-1024x576.png 1024w, https:\/\/tunisiaforall.org\/wp-content\/uploads\/2021\/03\/Affiche-Webinaire-768x432.png 768w, https:\/\/tunisiaforall.org\/wp-content\/uploads\/2021\/03\/Affiche-Webinaire-1536x864.png 1536w, https:\/\/tunisiaforall.org\/wp-content\/uploads\/2021\/03\/Affiche-Webinaire-1110x624.png 1110w, https:\/\/tunisiaforall.org\/wp-content\/uploads\/2021\/03\/Affiche-Webinaire-528x297.png 528w\" sizes=\"(max-width: 1920px) 100vw, 1920px\" \/>\t\t\t\t\t\t\t\t<\/a>\n\t\t\t\t\t\t\t\t\t\t\t\t\t\t\t<\/div>\n\t\t\t\t<\/div>\n\t\t\t\t\t<\/div>\n\t\t<\/div>\n\t\t\t\t<div class=\"elementor-column elementor-col-50 elementor-top-column elementor-element elementor-element-421bfaca\" data-id=\"421bfaca\" data-element_type=\"column\" data-e-type=\"column\">\n\t\t\t<div class=\"elementor-widget-wrap elementor-element-populated\">\n\t\t\t\t\t\t<div class=\"elementor-element elementor-element-354ac498 elementor-widget-divider--view-line elementor-widget elementor-widget-divider\" data-id=\"354ac498\" data-element_type=\"widget\" data-e-type=\"widget\" data-widget_type=\"divider.default\">\n\t\t\t\t<div class=\"elementor-widget-container\">\n\t\t\t\t\t\t\t<div class=\"elementor-divider\">\n\t\t\t<span class=\"elementor-divider-separator\">\n\t\t\t\t\t\t<\/span>\n\t\t<\/div>\n\t\t\t\t\t\t<\/div>\n\t\t\t\t<\/div>\n\t\t\t\t<div class=\"elementor-element elementor-element-30c72b25 elementor-widget elementor-widget-heading\" data-id=\"30c72b25\" data-element_type=\"widget\" data-e-type=\"widget\" data-widget_type=\"heading.default\">\n\t\t\t\t<div class=\"elementor-widget-container\">\n\t\t\t\t\t<h3 class=\"elementor-heading-title elementor-size-large\">Devenir et impact de l'intelligence artificielle sur le quotidien<\/h3>\t\t\t\t<\/div>\n\t\t\t\t<\/div>\n\t\t\t\t<div class=\"elementor-element elementor-element-1e4c4d72 elementor-widget elementor-widget-text-editor\" data-id=\"1e4c4d72\" data-element_type=\"widget\" data-e-type=\"widget\" data-widget_type=\"text-editor.default\">\n\t\t\t\t<div class=\"elementor-widget-container\">\n\t\t\t\t\t\t\t\t\t<p><span style=\"color: #080441; background-color: rgba(241, 243, 245, 0.5);\">Organis\u00e9 le 26 F\u00e9vrier 2021.<\/span><\/p>\t\t\t\t\t\t\t\t<\/div>\n\t\t\t\t<\/div>\n\t\t\t\t<div class=\"elementor-element elementor-element-69484a83 elementor-widget elementor-widget-heading\" data-id=\"69484a83\" data-element_type=\"widget\" data-e-type=\"widget\" data-widget_type=\"heading.default\">\n\t\t\t\t<div class=\"elementor-widget-container\">\n\t\t\t\t\t<p class=\"elementor-heading-title elementor-size-medium\"><a href=\"https:\/\/tunisiaforall.org\/?page_id=2418\">Lire plus...<\/a><\/p>\t\t\t\t<\/div>\n\t\t\t\t<\/div>\n\t\t\t\t\t<\/div>\n\t\t<\/div>\n\t\t\t\t\t<\/div>\n\t\t<\/section>\n\t\t\t\t<section class=\"elementor-section elementor-top-section elementor-element elementor-element-f256fe5 elementor-section-height-min-height elementor-section-content-middle elementor-section-boxed elementor-section-height-default elementor-section-items-middle\" data-id=\"f256fe5\" data-element_type=\"section\" data-e-type=\"section\" data-settings=\"{&quot;background_background&quot;:&quot;classic&quot;}\">\n\t\t\t\t\t\t<div class=\"elementor-container elementor-column-gap-default\">\n\t\t\t\t\t<div class=\"elementor-column elementor-col-50 elementor-top-column elementor-element elementor-element-3f3bbda\" data-id=\"3f3bbda\" data-element_type=\"column\" data-e-type=\"column\">\n\t\t\t<div class=\"elementor-widget-wrap elementor-element-populated\">\n\t\t\t\t\t\t<div class=\"elementor-element elementor-element-64c9c35 elementor-widget-divider--view-line elementor-widget elementor-widget-divider\" data-id=\"64c9c35\" data-element_type=\"widget\" data-e-type=\"widget\" data-widget_type=\"divider.default\">\n\t\t\t\t<div class=\"elementor-widget-container\">\n\t\t\t\t\t\t\t<div class=\"elementor-divider\">\n\t\t\t<span class=\"elementor-divider-separator\">\n\t\t\t\t\t\t<\/span>\n\t\t<\/div>\n\t\t\t\t\t\t<\/div>\n\t\t\t\t<\/div>\n\t\t\t\t<div class=\"elementor-element elementor-element-240dfef elementor-widget elementor-widget-heading\" data-id=\"240dfef\" data-element_type=\"widget\" data-e-type=\"widget\" data-widget_type=\"heading.default\">\n\t\t\t\t<div class=\"elementor-widget-container\">\n\t\t\t\t\t<h5 class=\"elementor-heading-title elementor-size-large\">M\u00e9decine-carthaginoise, m\u00e9decine-romaine : \" Les le\u00e7ons de l\u2019Histoire \"<\/h5>\t\t\t\t<\/div>\n\t\t\t\t<\/div>\n\t\t\t\t<div class=\"elementor-element elementor-element-44bc180 elementor-widget elementor-widget-text-editor\" data-id=\"44bc180\" data-element_type=\"widget\" data-e-type=\"widget\" data-widget_type=\"text-editor.default\">\n\t\t\t\t<div class=\"elementor-widget-container\">\n\t\t\t\t\t\t\t\t\t<p>Organis\u00e9 le 10 Avril 2021.<\/p>\t\t\t\t\t\t\t\t<\/div>\n\t\t\t\t<\/div>\n\t\t\t\t<div class=\"elementor-element elementor-element-76e7922 elementor-widget elementor-widget-heading\" data-id=\"76e7922\" data-element_type=\"widget\" data-e-type=\"widget\" data-widget_type=\"heading.default\">\n\t\t\t\t<div class=\"elementor-widget-container\">\n\t\t\t\t\t<p class=\"elementor-heading-title elementor-size-medium\"><a href=\"https:\/\/tunisiaforall.org\/?page_id=2437\">Lire plus...<\/a><\/p>\t\t\t\t<\/div>\n\t\t\t\t<\/div>\n\t\t\t\t\t<\/div>\n\t\t<\/div>\n\t\t\t\t<div class=\"elementor-column elementor-col-50 elementor-top-column elementor-element elementor-element-b18ce50\" data-id=\"b18ce50\" data-element_type=\"column\" data-e-type=\"column\">\n\t\t\t<div class=\"elementor-widget-wrap elementor-element-populated\">\n\t\t\t\t\t\t<div class=\"elementor-element elementor-element-d3f6162 elementor-widget elementor-widget-image\" data-id=\"d3f6162\" data-element_type=\"widget\" data-e-type=\"widget\" data-widget_type=\"image.default\">\n\t\t\t\t<div class=\"elementor-widget-container\">\n\t\t\t\t\t\t\t\t\t\t\t\t\t\t\t\t<a href=\"https:\/\/tunisiaforall.org\/?page_id=2437\">\n\t\t\t\t\t\t\t<img decoding=\"async\" width=\"1920\" height=\"1080\" src=\"https:\/\/tunisiaforall.org\/wp-content\/uploads\/2021\/04\/Webinaire-Medecine.png\" class=\"attachment-full size-full wp-image-2432\" alt=\"\" srcset=\"https:\/\/tunisiaforall.org\/wp-content\/uploads\/2021\/04\/Webinaire-Medecine.png 1920w, https:\/\/tunisiaforall.org\/wp-content\/uploads\/2021\/04\/Webinaire-Medecine-300x169.png 300w, https:\/\/tunisiaforall.org\/wp-content\/uploads\/2021\/04\/Webinaire-Medecine-1024x576.png 1024w, https:\/\/tunisiaforall.org\/wp-content\/uploads\/2021\/04\/Webinaire-Medecine-768x432.png 768w, https:\/\/tunisiaforall.org\/wp-content\/uploads\/2021\/04\/Webinaire-Medecine-1536x864.png 1536w, https:\/\/tunisiaforall.org\/wp-content\/uploads\/2021\/04\/Webinaire-Medecine-1110x624.png 1110w, https:\/\/tunisiaforall.org\/wp-content\/uploads\/2021\/04\/Webinaire-Medecine-528x297.png 528w\" sizes=\"(max-width: 1920px) 100vw, 1920px\" \/>\t\t\t\t\t\t\t\t<\/a>\n\t\t\t\t\t\t\t\t\t\t\t\t\t\t\t<\/div>\n\t\t\t\t<\/div>\n\t\t\t\t\t<\/div>\n\t\t<\/div>\n\t\t\t\t\t<\/div>\n\t\t<\/section>\n\t\t\t\t<section class=\"elementor-section elementor-top-section elementor-element elementor-element-1fee762 elementor-section-height-min-height elementor-section-content-middle elementor-reverse-mobile elementor-section-boxed elementor-section-height-default elementor-section-items-middle\" data-id=\"1fee762\" data-element_type=\"section\" data-e-type=\"section\" data-settings=\"{&quot;background_background&quot;:&quot;none&quot;}\">\n\t\t\t\t\t\t<div class=\"elementor-container elementor-column-gap-default\">\n\t\t\t\t\t<div class=\"elementor-column elementor-col-50 elementor-top-column elementor-element elementor-element-3cbaf66\" data-id=\"3cbaf66\" data-element_type=\"column\" data-e-type=\"column\">\n\t\t\t<div class=\"elementor-widget-wrap elementor-element-populated\">\n\t\t\t\t\t\t<div class=\"elementor-element elementor-element-2456da0 elementor-widget elementor-widget-image\" data-id=\"2456da0\" data-element_type=\"widget\" data-e-type=\"widget\" data-widget_type=\"image.default\">\n\t\t\t\t<div class=\"elementor-widget-container\">\n\t\t\t\t\t\t\t\t\t\t\t\t\t\t\t\t<a href=\"https:\/\/tunisiaforall.org\/?page_id=2454\">\n\t\t\t\t\t\t\t<img loading=\"lazy\" decoding=\"async\" width=\"1920\" height=\"1080\" src=\"https:\/\/tunisiaforall.org\/wp-content\/uploads\/2021\/05\/Affiche-Webinaire-Italiennes-de-Tunisie.png\" class=\"attachment-full size-full wp-image-2459\" alt=\"\" srcset=\"https:\/\/tunisiaforall.org\/wp-content\/uploads\/2021\/05\/Affiche-Webinaire-Italiennes-de-Tunisie.png 1920w, https:\/\/tunisiaforall.org\/wp-content\/uploads\/2021\/05\/Affiche-Webinaire-Italiennes-de-Tunisie-300x169.png 300w, https:\/\/tunisiaforall.org\/wp-content\/uploads\/2021\/05\/Affiche-Webinaire-Italiennes-de-Tunisie-1024x576.png 1024w, https:\/\/tunisiaforall.org\/wp-content\/uploads\/2021\/05\/Affiche-Webinaire-Italiennes-de-Tunisie-768x432.png 768w, https:\/\/tunisiaforall.org\/wp-content\/uploads\/2021\/05\/Affiche-Webinaire-Italiennes-de-Tunisie-1536x864.png 1536w, https:\/\/tunisiaforall.org\/wp-content\/uploads\/2021\/05\/Affiche-Webinaire-Italiennes-de-Tunisie-1110x624.png 1110w, https:\/\/tunisiaforall.org\/wp-content\/uploads\/2021\/05\/Affiche-Webinaire-Italiennes-de-Tunisie-528x297.png 528w\" sizes=\"(max-width: 1920px) 100vw, 1920px\" \/>\t\t\t\t\t\t\t\t<\/a>\n\t\t\t\t\t\t\t\t\t\t\t\t\t\t\t<\/div>\n\t\t\t\t<\/div>\n\t\t\t\t\t<\/div>\n\t\t<\/div>\n\t\t\t\t<div class=\"elementor-column elementor-col-50 elementor-top-column elementor-element elementor-element-4ff6a8a\" data-id=\"4ff6a8a\" data-element_type=\"column\" data-e-type=\"column\">\n\t\t\t<div class=\"elementor-widget-wrap elementor-element-populated\">\n\t\t\t\t\t\t<div class=\"elementor-element elementor-element-838fc9d elementor-widget-divider--view-line elementor-widget elementor-widget-divider\" data-id=\"838fc9d\" data-element_type=\"widget\" data-e-type=\"widget\" data-widget_type=\"divider.default\">\n\t\t\t\t<div class=\"elementor-widget-container\">\n\t\t\t\t\t\t\t<div class=\"elementor-divider\">\n\t\t\t<span class=\"elementor-divider-separator\">\n\t\t\t\t\t\t<\/span>\n\t\t<\/div>\n\t\t\t\t\t\t<\/div>\n\t\t\t\t<\/div>\n\t\t\t\t<div class=\"elementor-element elementor-element-a680e0d elementor-widget elementor-widget-heading\" data-id=\"a680e0d\" data-element_type=\"widget\" data-e-type=\"widget\" data-widget_type=\"heading.default\">\n\t\t\t\t<div class=\"elementor-widget-container\">\n\t\t\t\t\t<h3 class=\"elementor-heading-title elementor-size-large\">Italiennes de Tunisie - histoires de vie et de militantisme<\/h3>\t\t\t\t<\/div>\n\t\t\t\t<\/div>\n\t\t\t\t<div class=\"elementor-element elementor-element-0d9be45 elementor-widget elementor-widget-text-editor\" data-id=\"0d9be45\" data-element_type=\"widget\" data-e-type=\"widget\" data-widget_type=\"text-editor.default\">\n\t\t\t\t<div class=\"elementor-widget-container\">\n\t\t\t\t\t\t\t\t\t<p><span style=\"color: #080441; background-color: rgba(241, 243, 245, 0.5);\">Organis\u00e9 le 26 Mai 2021.<\/span><\/p>\t\t\t\t\t\t\t\t<\/div>\n\t\t\t\t<\/div>\n\t\t\t\t<div class=\"elementor-element elementor-element-0f22d74 elementor-widget elementor-widget-heading\" data-id=\"0f22d74\" data-element_type=\"widget\" data-e-type=\"widget\" data-widget_type=\"heading.default\">\n\t\t\t\t<div class=\"elementor-widget-container\">\n\t\t\t\t\t<p class=\"elementor-heading-title elementor-size-medium\"><a href=\"https:\/\/tunisiaforall.org\/?page_id=2454\">Lire plus...<\/a><\/p>\t\t\t\t<\/div>\n\t\t\t\t<\/div>\n\t\t\t\t\t<\/div>\n\t\t<\/div>\n\t\t\t\t\t<\/div>\n\t\t<\/section>\n\t\t\t\t<section class=\"elementor-section elementor-top-section elementor-element elementor-element-64e12a06 elementor-section-boxed elementor-section-height-default elementor-section-height-default\" data-id=\"64e12a06\" data-element_type=\"section\" data-e-type=\"section\">\n\t\t\t\t\t\t<div class=\"elementor-container elementor-column-gap-default\">\n\t\t\t\t\t<div class=\"elementor-column elementor-col-100 elementor-top-column elementor-element elementor-element-4c57e331\" data-id=\"4c57e331\" data-element_type=\"column\" data-e-type=\"column\">\n\t\t\t<div class=\"elementor-widget-wrap elementor-element-populated\">\n\t\t\t\t\t\t<div class=\"elementor-element elementor-element-438d3a74 elementor-widget elementor-widget-text-editor\" data-id=\"438d3a74\" data-element_type=\"widget\" data-e-type=\"widget\" data-widget_type=\"text-editor.default\">\n\t\t\t\t<div class=\"elementor-widget-container\">\n\t\t\t\t\t\t\t\t\t<p>Image de l&rsquo;ent\u00eate: Image par\u00a0<a href=\"https:\/\/pixabay.com\/fr\/users\/xresch-7410129\/?utm_source=link-attribution&amp;utm_medium=referral&amp;utm_campaign=image&amp;utm_content=5090539\">xresch<\/a>\u00a0de\u00a0<a href=\"https:\/\/pixabay.com\/fr\/?utm_source=link-attribution&amp;utm_medium=referral&amp;utm_campaign=image&amp;utm_content=5090539\">Pixabay<\/a>\u00a0<\/p>\t\t\t\t\t\t\t\t<\/div>\n\t\t\t\t<\/div>\n\t\t\t\t\t<\/div>\n\t\t<\/div>\n\t\t\t\t\t<\/div>\n\t\t<\/section>\n\t\t\t\t<\/div>\n\t\t","protected":false},"excerpt":{"rendered":"<p>Webinaires Organis\u00e9s par Tunisia For All sur des th\u00e8mes qui r\u00e9pondent aux objectifs et mission de l&rsquo;Association. Le Code des eaux Organis\u00e9 le 16 F\u00e9vrier 2021. Lire plus&#8230; Devenir et impact de l&rsquo;intelligence artificielle sur le quotidien Organis\u00e9 le 26 F\u00e9vrier 2021. Lire plus&#8230; M\u00e9decine-carthaginoise, m\u00e9decine-romaine : \u00a0\u00bb Les le\u00e7ons de l\u2019Histoire \u00ab\u00a0 Organis\u00e9 le [&hellip;]<\/p>\n","protected":false},"author":1,"featured_media":0,"parent":0,"menu_order":0,"comment_status":"closed","ping_status":"closed","template":"","meta":{"ngg_post_thumbnail":0,"footnotes":""},"class_list":["post-2343","page","type-page","status-publish","czr-hentry"],"_links":{"self":[{"href":"https:\/\/tunisiaforall.org\/index.php?rest_route=\/wp\/v2\/pages\/2343","targetHints":{"allow":["GET"]}}],"collection":[{"href":"https:\/\/tunisiaforall.org\/index.php?rest_route=\/wp\/v2\/pages"}],"about":[{"href":"https:\/\/tunisiaforall.org\/index.php?rest_route=\/wp\/v2\/types\/page"}],"author":[{"embeddable":true,"href":"https:\/\/tunisiaforall.org\/index.php?rest_route=\/wp\/v2\/users\/1"}],"replies":[{"embeddable":true,"href":"https:\/\/tunisiaforall.org\/index.php?rest_route=%2Fwp%2Fv2%2Fcomments&post=2343"}],"version-history":[{"count":28,"href":"https:\/\/tunisiaforall.org\/index.php?rest_route=\/wp\/v2\/pages\/2343\/revisions"}],"predecessor-version":[{"id":2474,"href":"https:\/\/tunisiaforall.org\/index.php?rest_route=\/wp\/v2\/pages\/2343\/revisions\/2474"}],"wp:attachment":[{"href":"https:\/\/tunisiaforall.org\/index.php?rest_route=%2Fwp%2Fv2%2Fmedia&parent=2343"}],"curies":[{"name":"wp","href":"https:\/\/api.w.org\/{rel}","templated":true}]}}