{"id":2377,"date":"2021-03-10T12:02:47","date_gmt":"2021-03-10T11:02:47","guid":{"rendered":"https:\/\/tunisiaforall.org\/?page_id=2377"},"modified":"2021-03-12T16:08:12","modified_gmt":"2021-03-12T15:08:12","slug":"webinaire-le-code-des-eaux","status":"publish","type":"page","link":"https:\/\/tunisiaforall.org\/?page_id=2377","title":{"rendered":"Webinaire : Le code des eaux"},"content":{"rendered":"\t\t<div data-elementor-type=\"wp-page\" data-elementor-id=\"2377\" class=\"elementor elementor-2377\">\n\t\t\t\t\t\t<section class=\"elementor-section elementor-top-section elementor-element elementor-element-5c6f9129 elementor-section-height-min-height elementor-section-boxed elementor-section-height-default elementor-section-items-middle\" data-id=\"5c6f9129\" data-element_type=\"section\" data-e-type=\"section\" data-settings=\"{&quot;background_background&quot;:&quot;classic&quot;}\">\n\t\t\t\t\t\t\t<div class=\"elementor-background-overlay\"><\/div>\n\t\t\t\t\t\t\t<div class=\"elementor-container elementor-column-gap-default\">\n\t\t\t\t\t<div class=\"elementor-column elementor-col-100 elementor-top-column elementor-element elementor-element-51b989a5\" data-id=\"51b989a5\" data-element_type=\"column\" data-e-type=\"column\">\n\t\t\t<div class=\"elementor-widget-wrap elementor-element-populated\">\n\t\t\t\t\t\t<div class=\"elementor-element elementor-element-3b22998 elementor-widget-divider--view-line elementor-widget elementor-widget-divider\" data-id=\"3b22998\" data-element_type=\"widget\" data-e-type=\"widget\" data-widget_type=\"divider.default\">\n\t\t\t\t<div class=\"elementor-widget-container\">\n\t\t\t\t\t\t\t<div class=\"elementor-divider\">\n\t\t\t<span class=\"elementor-divider-separator\">\n\t\t\t\t\t\t<\/span>\n\t\t<\/div>\n\t\t\t\t\t\t<\/div>\n\t\t\t\t<\/div>\n\t\t\t\t\t<\/div>\n\t\t<\/div>\n\t\t\t\t\t<\/div>\n\t\t<\/section>\n\t\t\t\t<section class=\"elementor-section elementor-top-section elementor-element elementor-element-5489250f elementor-section-boxed elementor-section-height-default elementor-section-height-default\" data-id=\"5489250f\" data-element_type=\"section\" data-e-type=\"section\" data-settings=\"{&quot;background_background&quot;:&quot;none&quot;}\">\n\t\t\t\t\t\t<div class=\"elementor-container elementor-column-gap-default\">\n\t\t\t\t\t<div class=\"elementor-column elementor-col-100 elementor-top-column elementor-element elementor-element-116f73d2\" data-id=\"116f73d2\" data-element_type=\"column\" data-e-type=\"column\">\n\t\t\t<div class=\"elementor-widget-wrap elementor-element-populated\">\n\t\t\t\t\t\t<div class=\"elementor-element elementor-element-98e96ef elementor-widget elementor-widget-heading\" data-id=\"98e96ef\" data-element_type=\"widget\" data-e-type=\"widget\" data-widget_type=\"heading.default\">\n\t\t\t\t<div class=\"elementor-widget-container\">\n\t\t\t\t\t<h2 class=\"elementor-heading-title elementor-size-large\">Communiqu\u00e9<\/h2>\t\t\t\t<\/div>\n\t\t\t\t<\/div>\n\t\t\t\t<div class=\"elementor-element elementor-element-647c4fa elementor-widget elementor-widget-text-editor\" data-id=\"647c4fa\" data-element_type=\"widget\" data-e-type=\"widget\" data-widget_type=\"text-editor.default\">\n\t\t\t\t<div class=\"elementor-widget-container\">\n\t\t\t\t\t\t\t\t\t<p>Soucieuse de prendre part aux d\u00e9bats publics sur les dossiers cruciaux qui int\u00e9ressent le pr\u00e9sent et le futur de la Tunisie, <strong>Tunisia For All<\/strong>, a organis\u00e9 le 16 f\u00e9vrier 2020 un Webinaire sous le th\u00e8me \u00ab <strong>le code de l\u2019eau en Tunisie\u00a0: de la gestion \u00e0 la r\u00e9gulation<\/strong>\u00a0\u00bb. L\u2019\u00e9v\u00e8nement a \u00e9t\u00e9 anim\u00e9 par d\u2019\u00e9minents sp\u00e9cialistes qui se sont attel\u00e9s \u00e0 faire un \u00e9tat des lieux de la production, la gestion et la distribution de l\u2019eau avant de passer aux d\u00e9fis \u00e0 relever afin de rationaliser la gestion de nos ressources hydrauliques et \u00e9viter le sc\u00e9nario catastrophe qui se pointe avec le changement climatique.<\/p><p>A l\u2019issue de ces pr\u00e9sentations et aux vues des id\u00e9es et propositions \u00e9mises, il nous a sembl\u00e9 utile de partager avec l\u2019ensemble des acteurs les recommandations qui suivent\u00a0:<\/p><ul><li>La d\u00e9claration univoque que les ressources en eaux en Tunisie constituent une richesse nationale au service de tous quel que soit le lieu de sa g\u00e9n\u00e9ration\u00a0:<\/li><li>La gestion et la gouvernance de cette ressource doivent \u00eatre r\u00e9alis\u00e9es selon une vision et une planification nationale avec une coordination aux niveaux r\u00e9gional et local pour une maitrise de la consommation et une pr\u00e9servation durable\u00a0;<\/li><li>La n\u00e9cessit\u00e9 absolue de la cr\u00e9ation d&rsquo;une instance nationale de r\u00e9gulation des services publics de l&rsquo;eau pour garantir l&rsquo;\u00e9quit\u00e9 et la transparence dans la distribution d&rsquo;eau et am\u00e9liorer les services li\u00e9s \u00e0 l&rsquo;eau\u00a0;<\/li><li>La transformation du Bureau de l&rsquo;Inventaire et des Recherches Hydrauliques (BIRH) en une Agence nationale de protection et de gestion du Domaine Publique Hydrauliques(DPH) comprenant un corps de contr\u00f4leurs du DPH ou Police de l&rsquo;eau pour mener les programmes de sensibilisation et de dissuasion pour assurer la protection du DPH et appliquer la r\u00e9glementation en vigueur\u00a0;<\/li><li>L\u2019activation et l\u2019op\u00e9rationnalisation du syst\u00e8me d&rsquo;information national sur l&rsquo;eau (SINEAU) qui f\u00e9d\u00e8re toutes les donn\u00e9es et les informations sur l&rsquo;eau avec accessibilit\u00e9 au public. Ce syst\u00e8me dont l\u2019\u00e9tude initiale a \u00e9t\u00e9 lanc\u00e9e en 2003, la r\u00e9alisation avec l\u2019acquisition des \u00e9quipements a \u00e9t\u00e9 finalis\u00e9e en 2016 pour un co\u00fbt total de pr\u00e8s de <strong>5\u00b0millions d\u2019euros<\/strong> et qui est depuis d\u00e9laiss\u00e9. Ce syst\u00e8me doit \u00eatre au c\u0153ur de la gestion et de la gouvernance du syst\u00e8me des eaux dans notre pays\u00a0;<\/li><li>La concr\u00e9tisation de la d\u00e9centralisation de la gestion de l&rsquo;eau avec la cr\u00e9ation des Conseils r\u00e9gionaux de l&rsquo;eau dans tous les gouvernorats. Ces Conseils travailleront en totale collaboration avec les autorit\u00e9s locales et les municipalit\u00e9s et en concertation avec l\u2019autorit\u00e9 centrale.<\/li><\/ul><p>Il n\u2019y a pas de gestion durable, d\u2019\u00e9quit\u00e9 dans la distribution et de gouvernance sans une autorit\u00e9 collective nationale sous la supervision des autorit\u00e9s l\u00e9gislative et ex\u00e9cutive et avec la participation des comp\u00e9tences nationales et des repr\u00e9sentants de la soci\u00e9t\u00e9 civile.<\/p><p>Tunis, le 16 f\u00e9vrier 2021.<\/p><p style=\"text-align: center;\"><span style=\"color: #000080;\"><em>Le Pr\u00e9sident<\/em><\/span><\/p><p style=\"text-align: center;\"><span style=\"color: #000080;\"><em>Touhami Midani<\/em><\/span><\/p><p><img decoding=\"async\" class=\"aligncenter wp-image-15\" src=\"https:\/\/tunisiaforall.org\/wp-content\/uploads\/2018\/05\/7.png\" alt=\"\" width=\"121\" height=\"91\" srcset=\"https:\/\/tunisiaforall.org\/wp-content\/uploads\/2018\/05\/7.png 800w, https:\/\/tunisiaforall.org\/wp-content\/uploads\/2018\/05\/7-300x225.png 300w, https:\/\/tunisiaforall.org\/wp-content\/uploads\/2018\/05\/7-768x576.png 768w\" sizes=\"(max-width: 121px) 100vw, 121px\" \/><\/p>\t\t\t\t\t\t\t\t<\/div>\n\t\t\t\t<\/div>\n\t\t\t\t\t<\/div>\n\t\t<\/div>\n\t\t\t\t\t<\/div>\n\t\t<\/section>\n\t\t\t\t<section class=\"elementor-section elementor-top-section elementor-element elementor-element-20dc360 elementor-section-boxed elementor-section-height-default elementor-section-height-default\" data-id=\"20dc360\" data-element_type=\"section\" data-e-type=\"section\">\n\t\t\t\t\t\t<div class=\"elementor-container elementor-column-gap-default\">\n\t\t\t\t\t<div class=\"elementor-column elementor-col-100 elementor-top-column elementor-element elementor-element-66862b2\" data-id=\"66862b2\" data-element_type=\"column\" data-e-type=\"column\">\n\t\t\t<div class=\"elementor-widget-wrap elementor-element-populated\">\n\t\t\t\t\t\t<div class=\"elementor-element elementor-element-e482efe elementor-widget elementor-widget-heading\" data-id=\"e482efe\" data-element_type=\"widget\" data-e-type=\"widget\" data-widget_type=\"heading.default\">\n\t\t\t\t<div class=\"elementor-widget-container\">\n\t\t\t\t\t<h2 class=\"elementor-heading-title elementor-size-large\">Vid\u00e9o du Webinaire<\/h2>\t\t\t\t<\/div>\n\t\t\t\t<\/div>\n\t\t\t\t\t<\/div>\n\t\t<\/div>\n\t\t\t\t\t<\/div>\n\t\t<\/section>\n\t\t\t\t<section class=\"elementor-section elementor-top-section elementor-element elementor-element-e15890b elementor-section-boxed elementor-section-height-default elementor-section-height-default\" data-id=\"e15890b\" data-element_type=\"section\" data-e-type=\"section\">\n\t\t\t\t\t\t<div class=\"elementor-container elementor-column-gap-default\">\n\t\t\t\t\t<div class=\"elementor-column elementor-col-100 elementor-top-column elementor-element elementor-element-7de51af\" data-id=\"7de51af\" data-element_type=\"column\" data-e-type=\"column\">\n\t\t\t<div class=\"elementor-widget-wrap elementor-element-populated\">\n\t\t\t\t\t\t<div class=\"elementor-element elementor-element-b914e84 elementor-widget elementor-widget-video\" data-id=\"b914e84\" data-element_type=\"widget\" data-e-type=\"widget\" data-settings=\"{&quot;youtube_url&quot;:&quot;https:\\\/\\\/www.youtube.com\\\/watch?v=UWaGnB79iZY&quot;,&quot;video_type&quot;:&quot;youtube&quot;,&quot;controls&quot;:&quot;yes&quot;}\" data-widget_type=\"video.default\">\n\t\t\t\t<div class=\"elementor-widget-container\">\n\t\t\t\t\t\t\t<div class=\"elementor-wrapper elementor-open-inline\">\n\t\t\t<div class=\"elementor-video\"><\/div>\t\t<\/div>\n\t\t\t\t\t\t<\/div>\n\t\t\t\t<\/div>\n\t\t\t\t\t<\/div>\n\t\t<\/div>\n\t\t\t\t\t<\/div>\n\t\t<\/section>\n\t\t\t\t<section class=\"elementor-section elementor-top-section elementor-element elementor-element-5869dab elementor-section-boxed elementor-section-height-default elementor-section-height-default\" data-id=\"5869dab\" data-element_type=\"section\" data-e-type=\"section\">\n\t\t\t\t\t\t<div class=\"elementor-container elementor-column-gap-default\">\n\t\t\t\t\t<div class=\"elementor-column elementor-col-50 elementor-top-column elementor-element elementor-element-58fa08e\" data-id=\"58fa08e\" data-element_type=\"column\" data-e-type=\"column\">\n\t\t\t<div class=\"elementor-widget-wrap elementor-element-populated\">\n\t\t\t\t\t\t<div class=\"elementor-element elementor-element-9cc3d2e elementor-widget elementor-widget-text-editor\" data-id=\"9cc3d2e\" data-element_type=\"widget\" data-e-type=\"widget\" data-widget_type=\"text-editor.default\">\n\t\t\t\t<div class=\"elementor-widget-container\">\n\t\t\t\t\t\t\t\t\t<p style=\"text-align: center;\">CVs des intervenants<\/p>\t\t\t\t\t\t\t\t<\/div>\n\t\t\t\t<\/div>\n\t\t\t\t<div class=\"elementor-element elementor-element-218447c elementor-widget elementor-widget-text-editor\" data-id=\"218447c\" data-element_type=\"widget\" data-e-type=\"widget\" data-widget_type=\"text-editor.default\">\n\t\t\t\t<div class=\"elementor-widget-container\">\n\t\t\t\t\t\t\t\t\t<ul><li><a href=\"https:\/\/tunisiaforall.org\/?attachment_id=2404\" target=\"_blank\" rel=\"noopener\">Mme Thouraya Malleh<\/a><\/li><li><a href=\"https:\/\/tunisiaforall.org\/?attachment_id=2405\" target=\"_blank\" rel=\"noopener\">Mr Ali Kchouk<\/a><\/li><li><a href=\"https:\/\/tunisiaforall.org\/?attachment_id=2406\" target=\"_blank\" rel=\"noopener\">Mr Mohade Lotfi Nacef<\/a><\/li><\/ul>\t\t\t\t\t\t\t\t<\/div>\n\t\t\t\t<\/div>\n\t\t\t\t\t<\/div>\n\t\t<\/div>\n\t\t\t\t<div class=\"elementor-column elementor-col-50 elementor-top-column elementor-element elementor-element-b0fb296\" data-id=\"b0fb296\" data-element_type=\"column\" data-e-type=\"column\">\n\t\t\t<div class=\"elementor-widget-wrap elementor-element-populated\">\n\t\t\t\t\t\t<div class=\"elementor-element elementor-element-8b4bd6d elementor-widget elementor-widget-text-editor\" data-id=\"8b4bd6d\" data-element_type=\"widget\" data-e-type=\"widget\" data-widget_type=\"text-editor.default\">\n\t\t\t\t<div class=\"elementor-widget-container\">\n\t\t\t\t\t\t\t\t\t<p style=\"text-align: center;\">Ressources suppl\u00e9mentaires<\/p>\t\t\t\t\t\t\t\t<\/div>\n\t\t\t\t<\/div>\n\t\t\t\t\t<\/div>\n\t\t<\/div>\n\t\t\t\t\t<\/div>\n\t\t<\/section>\n\t\t\t\t<\/div>\n\t\t","protected":false},"excerpt":{"rendered":"<p>Communiqu\u00e9 Soucieuse de prendre part aux d\u00e9bats publics sur les dossiers cruciaux qui int\u00e9ressent le pr\u00e9sent et le futur de la Tunisie, Tunisia For All, a organis\u00e9 le 16 f\u00e9vrier 2020 un Webinaire sous le th\u00e8me \u00ab le code de l\u2019eau en Tunisie&nbsp;: de la gestion \u00e0 la r\u00e9gulation&nbsp;\u00bb. L\u2019\u00e9v\u00e8nement a \u00e9t\u00e9 anim\u00e9 par d\u2019\u00e9minents [&hellip;]<\/p>\n","protected":false},"author":1,"featured_media":0,"parent":0,"menu_order":0,"comment_status":"closed","ping_status":"closed","template":"","meta":{"ngg_post_thumbnail":0,"footnotes":""},"class_list":["post-2377","page","type-page","status-publish","czr-hentry"],"_links":{"self":[{"href":"https:\/\/tunisiaforall.org\/index.php?rest_route=\/wp\/v2\/pages\/2377","targetHints":{"allow":["GET"]}}],"collection":[{"href":"https:\/\/tunisiaforall.org\/index.php?rest_route=\/wp\/v2\/pages"}],"about":[{"href":"https:\/\/tunisiaforall.org\/index.php?rest_route=\/wp\/v2\/types\/page"}],"author":[{"embeddable":true,"href":"https:\/\/tunisiaforall.org\/index.php?rest_route=\/wp\/v2\/users\/1"}],"replies":[{"embeddable":true,"href":"https:\/\/tunisiaforall.org\/index.php?rest_route=%2Fwp%2Fv2%2Fcomments&post=2377"}],"version-history":[{"count":29,"href":"https:\/\/tunisiaforall.org\/index.php?rest_route=\/wp\/v2\/pages\/2377\/revisions"}],"predecessor-version":[{"id":2411,"href":"https:\/\/tunisiaforall.org\/index.php?rest_route=\/wp\/v2\/pages\/2377\/revisions\/2411"}],"wp:attachment":[{"href":"https:\/\/tunisiaforall.org\/index.php?rest_route=%2Fwp%2Fv2%2Fmedia&parent=2377"}],"curies":[{"name":"wp","href":"https:\/\/api.w.org\/{rel}","templated":true}]}}