{"id":2437,"date":"2021-04-10T20:25:59","date_gmt":"2021-04-10T18:25:59","guid":{"rendered":"https:\/\/tunisiaforall.org\/?page_id=2437"},"modified":"2021-04-11T16:41:02","modified_gmt":"2021-04-11T14:41:02","slug":"medecine-carthaginoise-medecine-romaine-les-lecons-de-lhistoire","status":"publish","type":"page","link":"https:\/\/tunisiaforall.org\/?page_id=2437","title":{"rendered":"M\u00e9decine-carthaginoise, m\u00e9decine-romaine : \u00ab\u00a0Les le\u00e7ons de l\u2019Histoire\u00a0\u00bb"},"content":{"rendered":"\t\t<div data-elementor-type=\"wp-page\" data-elementor-id=\"2437\" class=\"elementor elementor-2437\">\n\t\t\t\t\t\t<section class=\"elementor-section elementor-top-section elementor-element elementor-element-f90e799 elementor-section-boxed elementor-section-height-default elementor-section-height-default\" data-id=\"f90e799\" data-element_type=\"section\" data-e-type=\"section\">\n\t\t\t\t\t\t<div class=\"elementor-container elementor-column-gap-default\">\n\t\t\t\t\t<div class=\"elementor-column elementor-col-100 elementor-top-column elementor-element elementor-element-f9339cd\" data-id=\"f9339cd\" data-element_type=\"column\" data-e-type=\"column\">\n\t\t\t<div class=\"elementor-widget-wrap elementor-element-populated\">\n\t\t\t\t\t\t<div class=\"elementor-element elementor-element-35d19a6 elementor-widget elementor-widget-image\" data-id=\"35d19a6\" data-element_type=\"widget\" data-e-type=\"widget\" data-widget_type=\"image.default\">\n\t\t\t\t<div class=\"elementor-widget-container\">\n\t\t\t\t\t\t\t\t\t\t\t\t\t\t\t<img fetchpriority=\"high\" decoding=\"async\" width=\"1024\" height=\"576\" src=\"https:\/\/tunisiaforall.org\/wp-content\/uploads\/2021\/04\/Webinaire-Medecine-1024x576.png\" class=\"attachment-large size-large wp-image-2432\" alt=\"\" srcset=\"https:\/\/tunisiaforall.org\/wp-content\/uploads\/2021\/04\/Webinaire-Medecine-1024x576.png 1024w, https:\/\/tunisiaforall.org\/wp-content\/uploads\/2021\/04\/Webinaire-Medecine-300x169.png 300w, https:\/\/tunisiaforall.org\/wp-content\/uploads\/2021\/04\/Webinaire-Medecine-768x432.png 768w, https:\/\/tunisiaforall.org\/wp-content\/uploads\/2021\/04\/Webinaire-Medecine-1536x864.png 1536w, https:\/\/tunisiaforall.org\/wp-content\/uploads\/2021\/04\/Webinaire-Medecine-1110x624.png 1110w, https:\/\/tunisiaforall.org\/wp-content\/uploads\/2021\/04\/Webinaire-Medecine-528x297.png 528w, https:\/\/tunisiaforall.org\/wp-content\/uploads\/2021\/04\/Webinaire-Medecine.png 1920w\" sizes=\"(max-width: 1024px) 100vw, 1024px\" \/>\t\t\t\t\t\t\t\t\t\t\t\t\t\t\t<\/div>\n\t\t\t\t<\/div>\n\t\t\t\t\t<\/div>\n\t\t<\/div>\n\t\t\t\t\t<\/div>\n\t\t<\/section>\n\t\t\t\t<section class=\"elementor-section elementor-top-section elementor-element elementor-element-37a334e elementor-section-boxed elementor-section-height-default elementor-section-height-default\" data-id=\"37a334e\" data-element_type=\"section\" data-e-type=\"section\">\n\t\t\t\t\t\t<div class=\"elementor-container elementor-column-gap-default\">\n\t\t\t\t\t<div class=\"elementor-column elementor-col-100 elementor-top-column elementor-element elementor-element-bf5e671\" data-id=\"bf5e671\" data-element_type=\"column\" data-e-type=\"column\">\n\t\t\t<div class=\"elementor-widget-wrap elementor-element-populated\">\n\t\t\t\t\t\t<div class=\"elementor-element elementor-element-7e8fb3e elementor-widget elementor-widget-heading\" data-id=\"7e8fb3e\" data-element_type=\"widget\" data-e-type=\"widget\" data-widget_type=\"heading.default\">\n\t\t\t\t<div class=\"elementor-widget-container\">\n\t\t\t\t\t<h3 class=\"elementor-heading-title elementor-size-default\">Mot du pr\u00e9sentateur<\/h3>\t\t\t\t<\/div>\n\t\t\t\t<\/div>\n\t\t\t\t\t<\/div>\n\t\t<\/div>\n\t\t\t\t\t<\/div>\n\t\t<\/section>\n\t\t\t\t<section class=\"elementor-section elementor-top-section elementor-element elementor-element-2d8cccc elementor-section-boxed elementor-section-height-default elementor-section-height-default\" data-id=\"2d8cccc\" data-element_type=\"section\" data-e-type=\"section\">\n\t\t\t\t\t\t<div class=\"elementor-container elementor-column-gap-default\">\n\t\t\t\t\t<div class=\"elementor-column elementor-col-100 elementor-top-column elementor-element elementor-element-56eb20b\" data-id=\"56eb20b\" data-element_type=\"column\" data-e-type=\"column\">\n\t\t\t<div class=\"elementor-widget-wrap elementor-element-populated\">\n\t\t\t\t\t\t<div class=\"elementor-element elementor-element-3fa71ff elementor-widget elementor-widget-text-editor\" data-id=\"3fa71ff\" data-element_type=\"widget\" data-e-type=\"widget\" data-widget_type=\"text-editor.default\">\n\t\t\t\t<div class=\"elementor-widget-container\">\n\t\t\t\t\t\t\t\t\t<p><span style=\"color: #333333;\">\u00ab\u00a0Gloire au vainqueur, malheur au vaincu !\u00a0\u00bb Ainsi relataient-ils l\u2019Histoire, les \u00e9crivains de l\u2019\u00e9poque.<\/span><\/p><p><span style=\"color: #333333;\">La 3<sup>e<\/sup> guerre punique a eu des cons\u00e9quences d\u00e9sastreuses sur Carthage\u00a0:<\/span><\/p><ul><li><span style=\"color: #333333;\">Population massacr\u00e9e, on peut m\u00eame parler de l\u2019un des premiers g\u00e9nocides de l\u2019Histoire\u00a0;<\/span><\/li><li><span style=\"color: #333333;\">Ville d\u00e9truite\u00a0;<\/span><\/li><li><span style=\"color: #333333;\">La grande biblioth\u00e8que de Carthage incendi\u00e9e, mais les Romains avaient pris la pr\u00e9caution d\u2019\u00e9vacuer auparavant les \u00e9crits de Magon\u00a0!<\/span><\/li><\/ul><p><span style=\"color: #333333;\">Carthage \u00e9tait l\u2019empire de la mer connue pour\u00a0:<\/span><\/p><ul><li><span style=\"color: #333333;\">Ses navigateurs\u00a0: Hannon et Himilcon\u00a0;<\/span><\/li><li><span style=\"color: #333333;\">Ses g\u00e9n\u00e9raux\u00a0: Amilcar, Hannibal, Hasdrubal\u2026\u00a0;<\/span><\/li><li><span style=\"color: #333333;\">Son commerce\u00a0;<\/span><\/li><li><span style=\"color: #333333;\">Son industrie\u00a0: on peut rappeler que le chantier naval du port militaire de Carthage avait r\u00e9alis\u00e9 des navires en\u00a0\u00ab\u00a0kit\u00a0\u00bb. Autrement dit, Carthage pouvait aligner rapidement 200 navires\u00a0;<\/span><\/li><li><span style=\"color: #333333;\">Son artisanat\u00a0: ses bijoux \u00e9taient fameux, on en trouve des traces dans de nombreux mus\u00e9es dont celui de Cornouailles\u00a0;<\/span><\/li><li><span style=\"color: #333333;\">Ses poteries\u00a0;<\/span><\/li><li><span style=\"color: #333333;\">Ses mosa\u00efques\u00a0;<\/span><\/li><li><span style=\"color: #333333;\">Son agriculture\u00a0: Carthage \u00e9tait connue pour son bl\u00e9, son huile, ses figues et ses grenades\u2026\u00a0;<\/span><\/li><li><span style=\"color: #333333;\">Et par sa m\u00e9decine\u00a0: Carthage savait utiliser, pour soigner, l\u2019huile d\u2019olive, les grenades , les figues, la menthe sauvage\u2026<\/span><\/li><\/ul><p><span style=\"color: #333333;\">Pour r\u00e9tablir cette comparaison de m\u00e9decine carthaginoise pragmatique avec la m\u00e9decine romaine dogmatique, illustr\u00e9e par Galien dans ses 120 ouvrages qui ont \u00e9t\u00e9 par la suite traduits en arabe, le grand Professeur Hamza SADDAM, orthop\u00e9diste, mais surtout chercheur en histoire de la m\u00e9decine, nous \u00a0exposera le fruit de ses lectures illustrant ces diff\u00e9rences.<\/span><\/p><p style=\"text-align: right;\"><em><span style=\"color: #000080;\"><strong>Andr\u00e9 ABITBOL<\/strong><\/span><\/em><\/p>\t\t\t\t\t\t\t\t<\/div>\n\t\t\t\t<\/div>\n\t\t\t\t\t<\/div>\n\t\t<\/div>\n\t\t\t\t\t<\/div>\n\t\t<\/section>\n\t\t\t\t<section class=\"elementor-section elementor-top-section elementor-element elementor-element-d654102 elementor-section-boxed elementor-section-height-default elementor-section-height-default\" data-id=\"d654102\" data-element_type=\"section\" data-e-type=\"section\">\n\t\t\t\t\t\t<div class=\"elementor-container elementor-column-gap-default\">\n\t\t\t\t\t<div class=\"elementor-column elementor-col-100 elementor-top-column elementor-element elementor-element-2243131\" data-id=\"2243131\" data-element_type=\"column\" data-e-type=\"column\">\n\t\t\t<div class=\"elementor-widget-wrap elementor-element-populated\">\n\t\t\t\t\t\t<div class=\"elementor-element elementor-element-f245317 elementor-widget elementor-widget-heading\" data-id=\"f245317\" data-element_type=\"widget\" data-e-type=\"widget\" data-widget_type=\"heading.default\">\n\t\t\t\t<div class=\"elementor-widget-container\">\n\t\t\t\t\t<h3 class=\"elementor-heading-title elementor-size-default\">Vid\u00e9o du Webinaire<\/h3>\t\t\t\t<\/div>\n\t\t\t\t<\/div>\n\t\t\t\t<div class=\"elementor-element elementor-element-28dd15b elementor-widget elementor-widget-video\" data-id=\"28dd15b\" data-element_type=\"widget\" data-e-type=\"widget\" data-settings=\"{&quot;youtube_url&quot;:&quot;https:\\\/\\\/www.youtube.com\\\/watch?v=XnggKn2NOFc&quot;,&quot;video_type&quot;:&quot;youtube&quot;,&quot;controls&quot;:&quot;yes&quot;}\" data-widget_type=\"video.default\">\n\t\t\t\t<div class=\"elementor-widget-container\">\n\t\t\t\t\t\t\t<div class=\"elementor-wrapper elementor-open-inline\">\n\t\t\t<div class=\"elementor-video\"><\/div>\t\t<\/div>\n\t\t\t\t\t\t<\/div>\n\t\t\t\t<\/div>\n\t\t\t\t\t<\/div>\n\t\t<\/div>\n\t\t\t\t\t<\/div>\n\t\t<\/section>\n\t\t\t\t<\/div>\n\t\t","protected":false},"excerpt":{"rendered":"<p>Mot du pr\u00e9sentateur \u00ab\u00a0Gloire au vainqueur, malheur au vaincu !\u00a0\u00bb Ainsi relataient-ils l\u2019Histoire, les \u00e9crivains de l\u2019\u00e9poque. La 3e guerre punique a eu des cons\u00e9quences d\u00e9sastreuses sur Carthage\u00a0: Population massacr\u00e9e, on peut m\u00eame parler de l\u2019un des premiers g\u00e9nocides de l\u2019Histoire\u00a0; Ville d\u00e9truite\u00a0; La grande biblioth\u00e8que de Carthage incendi\u00e9e, mais les Romains avaient pris la [&hellip;]<\/p>\n","protected":false},"author":1,"featured_media":0,"parent":0,"menu_order":0,"comment_status":"closed","ping_status":"closed","template":"","meta":{"ngg_post_thumbnail":0,"footnotes":""},"class_list":["post-2437","page","type-page","status-publish","czr-hentry"],"_links":{"self":[{"href":"https:\/\/tunisiaforall.org\/index.php?rest_route=\/wp\/v2\/pages\/2437","targetHints":{"allow":["GET"]}}],"collection":[{"href":"https:\/\/tunisiaforall.org\/index.php?rest_route=\/wp\/v2\/pages"}],"about":[{"href":"https:\/\/tunisiaforall.org\/index.php?rest_route=\/wp\/v2\/types\/page"}],"author":[{"embeddable":true,"href":"https:\/\/tunisiaforall.org\/index.php?rest_route=\/wp\/v2\/users\/1"}],"replies":[{"embeddable":true,"href":"https:\/\/tunisiaforall.org\/index.php?rest_route=%2Fwp%2Fv2%2Fcomments&post=2437"}],"version-history":[{"count":8,"href":"https:\/\/tunisiaforall.org\/index.php?rest_route=\/wp\/v2\/pages\/2437\/revisions"}],"predecessor-version":[{"id":2448,"href":"https:\/\/tunisiaforall.org\/index.php?rest_route=\/wp\/v2\/pages\/2437\/revisions\/2448"}],"wp:attachment":[{"href":"https:\/\/tunisiaforall.org\/index.php?rest_route=%2Fwp%2Fv2%2Fmedia&parent=2437"}],"curies":[{"name":"wp","href":"https:\/\/api.w.org\/{rel}","templated":true}]}}