{"id":296,"date":"2018-06-28T13:25:54","date_gmt":"2018-06-28T11:25:54","guid":{"rendered":"http:\/\/tunisiaforall.org\/?page_id=296"},"modified":"2018-11-22T20:17:31","modified_gmt":"2018-11-22T19:17:31","slug":"presentation-malla-j3ala","status":"publish","type":"page","link":"https:\/\/tunisiaforall.org\/?page_id=296","title":{"rendered":"Pr\u00e9sentation \u00ab\u00a0Malla J3ala\u00a0\u00bb"},"content":{"rendered":"<p>&nbsp;<\/p>\n<table class=\" aligncenter\" style=\"height: 91px;\" width=\"800\">\n<tbody>\n<tr>\n<td colspan=\"4\"><img fetchpriority=\"high\" decoding=\"async\" class=\"aligncenter wp-image-423 size-large\" src=\"http:\/\/tunisiaforall.org\/wp-content\/uploads\/2018\/06\/Banni\u00e8re-site-1024x195.png\" alt=\"\" width=\"1024\" height=\"195\" srcset=\"https:\/\/tunisiaforall.org\/wp-content\/uploads\/2018\/06\/Banni\u00e8re-site-1024x195.png 1024w, https:\/\/tunisiaforall.org\/wp-content\/uploads\/2018\/06\/Banni\u00e8re-site-300x57.png 300w, https:\/\/tunisiaforall.org\/wp-content\/uploads\/2018\/06\/Banni\u00e8re-site-768x146.png 768w, https:\/\/tunisiaforall.org\/wp-content\/uploads\/2018\/06\/Banni\u00e8re-site.png 1075w\" sizes=\"(max-width: 1024px) 100vw, 1024px\" \/><\/td>\n<\/tr>\n<tr>\n<td><a href=\"http:\/\/tunisiaforall.org\/?page_id=296\" rel=\"noopener\"><img decoding=\"async\" class=\"size-full wp-image-427 aligncenter\" src=\"http:\/\/tunisiaforall.org\/wp-content\/uploads\/2018\/06\/bouton-pr\u00e9sentation.png\" alt=\"\" width=\"166\" height=\"64\"><\/a><\/td>\n<td><a href=\"http:\/\/tunisiaforall.org\/?page_id=300\" rel=\"noopener\"><img decoding=\"async\" class=\"size-full wp-image-429 aligncenter\" src=\"http:\/\/tunisiaforall.org\/wp-content\/uploads\/2018\/06\/bouton-le-jeu.png\" alt=\"\" width=\"163\" height=\"64\"><\/a><\/td>\n<td><a href=\"http:\/\/tunisiaforall.org\/?page_id=330\"><img loading=\"lazy\" decoding=\"async\" class=\"size-full wp-image-428 aligncenter\" src=\"http:\/\/tunisiaforall.org\/wp-content\/uploads\/2018\/06\/bouton-s\u00e9minaire.png\" alt=\"\" width=\"164\" height=\"64\"><\/a><\/td>\n<td><a href=\"http:\/\/tunisiaforall.org\/?page_id=358\" rel=\"noopener\"><img loading=\"lazy\" decoding=\"async\" class=\"size-full wp-image-426 aligncenter\" src=\"http:\/\/tunisiaforall.org\/wp-content\/uploads\/2018\/06\/bouton-photos.png\" alt=\"\" width=\"165\" height=\"63\"><\/a><\/td>\n<\/tr>\n<\/tbody>\n<\/table>\n<p>&nbsp;<\/p>\n<p>&nbsp;<\/p>\n<p>&nbsp;<\/p>\n<p>&nbsp;<\/p>\n<p><span style=\"color: #000080;\"><strong>Contexte et objectif<\/strong><\/span><\/p>\n<p>Le projet \u00ab&nbsp;Malla J3ala&nbsp;\u00bb a \u00e9t\u00e9 propos\u00e9 suite \u00e0 un appel \u00e0 initiative de la part du PNUD en octobre 2013. Il rentre sous le lot \u00ab&nbsp;Sensibilisation et Diffusion via des performances innovantes artistiques, culturelles, IT, m\u00e9dias et multim\u00e9dias&nbsp;\u00bb.<\/p>\n<p>L\u2019objectif de ce projet est de sensibiliser les citoyens et m\u00eame les enfants et les adolescents sur l\u2019effet de la corruption et comment lutter contre.<\/p>\n<p>Plus sp\u00e9cifiquement, ce projet vise \u00e0&nbsp;:<\/p>\n<ul>\n<li>Toucher la soci\u00e9t\u00e9 \u00e0 travers ses diff\u00e9rentes couches ! L\u2019enfant \u00e0 l\u2019\u00e9cole, l\u2019adolescent au lyc\u00e9e et \u00e0 l\u2019universit\u00e9 et le citoyen dans leur vie de tous les jours&nbsp;;<\/li>\n<li>Toucher les acteurs du syst\u00e8me de la corruption en d\u00e9veloppant leur int\u00e9r\u00eat de vivre sans corruption ; \u00e0 travers le d\u00e9veloppement d\u2019un outil ludique reli\u00e9 aux r\u00e9seaux sociaux et multi plateformes (PC, WEB, Android, iOS, WinPhone) avec une pr\u00e9sentation des diff\u00e9rentes situations o\u00f9 on peut rencontrer la corruption&nbsp;;<\/li>\n<li>Faire revivre l\u2019utilisateur des situations quotidiennes o\u00f9 il est confront\u00e9 \u00e0 la corruption. Lui faire prendre conscience de la gravit\u00e9 de ses actes par la participation ou la non-d\u00e9nonciation.<\/li>\n<\/ul>\n<p><span style=\"color: #000080;\"><strong>Groupes cibles<\/strong><\/span><\/p>\n<p>Le projet est destin\u00e9 \u00e0 plusieurs cat\u00e9gories de population. Il est destin\u00e9&nbsp;:<\/p>\n<ul>\n<li>Aux \u00e9l\u00e8ves des \u00e9coles, des coll\u00e8ges et des lyc\u00e9es&nbsp;;<\/li>\n<li>Aux \u00e9tudiants&nbsp;;<\/li>\n<li>Aux citoyens adultes, tels que parents d\u2019\u00e9l\u00e8ves et associations citoyennes locales&nbsp;;<\/li>\n<li>Aux associations de lutte contre la corruption.<\/li>\n<\/ul>\n<p><span style=\"color: #000080;\"><strong>R\u00e9sultats attendus<\/strong><\/span><\/p>\n<p>Les r\u00e9sultats attendus par ce projet sont relatifs aux groupes cibles. Le projet est r\u00e9alis\u00e9 afin que&nbsp;:<\/p>\n<ul>\n<li>Les \u00e9l\u00e8ves et les \u00e9tudiants prennent connaissance tr\u00e8s t\u00f4t de la corruption, de son impact \u00e0 court et \u00e0 moyen terme sur la vie de tous les jours&nbsp;;<\/li>\n<li>Les enfants dans les familles participent \u00e0 faire prendre conscience de l\u2019impact n\u00e9gatif de la Corruption aux parents m\u00eame s\u2019ils en sont b\u00e9n\u00e9ficiaires au premier abord&nbsp;;<\/li>\n<li>Les citoyens adultes prennent conscience de l\u2019impact de la corruption et participent \u00e0 l\u2019\u00e9ducation de leurs enfants par la diffusion de la culture anti corruption&nbsp;;<\/li>\n<li>Les associations de lutte contre la corruption disposent d\u2019un nouvel outil ludique anti corruption.<\/li>\n<\/ul>\n<h2 style=\"text-align: center;\"><a href=\"https:\/\/tunisiaforall.org\/?page_id=1139\" target=\"_blank\" rel=\"noopener\"><span style=\"color: #000080;\">RECHERCHE EN LIAISON AVEC LE JEU<\/span><\/a><\/h2>\n","protected":false},"excerpt":{"rendered":"<p>&nbsp; &nbsp; &nbsp; &nbsp; &nbsp; Contexte et objectif Le projet \u00ab&nbsp;Malla J3ala&nbsp;\u00bb a \u00e9t\u00e9 propos\u00e9 suite \u00e0 un appel \u00e0 initiative de la part du PNUD en octobre 2013. Il rentre sous le lot \u00ab&nbsp;Sensibilisation et Diffusion via des performances innovantes artistiques, culturelles, IT, m\u00e9dias et multim\u00e9dias&nbsp;\u00bb. L\u2019objectif de ce projet est de sensibiliser les [&hellip;]<\/p>\n","protected":false},"author":1,"featured_media":0,"parent":287,"menu_order":0,"comment_status":"closed","ping_status":"closed","template":"","meta":{"ngg_post_thumbnail":0,"footnotes":""},"class_list":["post-296","page","type-page","status-publish","czr-hentry"],"_links":{"self":[{"href":"https:\/\/tunisiaforall.org\/index.php?rest_route=\/wp\/v2\/pages\/296","targetHints":{"allow":["GET"]}}],"collection":[{"href":"https:\/\/tunisiaforall.org\/index.php?rest_route=\/wp\/v2\/pages"}],"about":[{"href":"https:\/\/tunisiaforall.org\/index.php?rest_route=\/wp\/v2\/types\/page"}],"author":[{"embeddable":true,"href":"https:\/\/tunisiaforall.org\/index.php?rest_route=\/wp\/v2\/users\/1"}],"replies":[{"embeddable":true,"href":"https:\/\/tunisiaforall.org\/index.php?rest_route=%2Fwp%2Fv2%2Fcomments&post=296"}],"version-history":[{"count":8,"href":"https:\/\/tunisiaforall.org\/index.php?rest_route=\/wp\/v2\/pages\/296\/revisions"}],"predecessor-version":[{"id":298,"href":"https:\/\/tunisiaforall.org\/index.php?rest_route=\/wp\/v2\/pages\/296\/revisions\/298"}],"up":[{"embeddable":true,"href":"https:\/\/tunisiaforall.org\/index.php?rest_route=\/wp\/v2\/pages\/287"}],"wp:attachment":[{"href":"https:\/\/tunisiaforall.org\/index.php?rest_route=%2Fwp%2Fv2%2Fmedia&parent=296"}],"curies":[{"name":"wp","href":"https:\/\/api.w.org\/{rel}","templated":true}]}}