{"id":35,"date":"2018-05-26T17:40:50","date_gmt":"2018-05-26T15:40:50","guid":{"rendered":"http:\/\/tunisiaforall.org\/?page_id=35"},"modified":"2018-07-29T17:23:54","modified_gmt":"2018-07-29T15:23:54","slug":"commissions","status":"publish","type":"page","link":"https:\/\/tunisiaforall.org\/?page_id=35","title":{"rendered":"Commissions"},"content":{"rendered":"<p><span style=\"color: #ff0000;\">Tunisia For All<\/span> compte les 4 commissions suivantes:<\/p>\n<ul>\n<li><strong><a href=\"http:\/\/tunisiaforall.org\/?page_id=119\"><span style=\"color: #0099ff;\">Enseignement, sciences et technologie<\/span><\/a> &#8211;&nbsp;<\/strong><em>Coordinateur M. Nejib FARZA<\/em><\/li>\n<li><strong><a href=\"http:\/\/tunisiaforall.org\/?page_id=121\"><span style=\"color: #a11010;\">D\u00e9veloppement \u00e9conomique et emploi<\/span><\/a> &#8211;&nbsp;<\/strong><em>Coordinateur M. Jamel BEN AISSA<\/em><\/li>\n<li><strong><a href=\"http:\/\/tunisiaforall.org\/?page_id=83\"><span style=\"color: #ff9900;\">Sociale et sant\u00e9<\/span><\/a> &#8211;&nbsp;<\/strong><em>Coordinatrice Mme. Olfa BELKHODJA<\/em><\/li>\n<li><strong><a href=\"http:\/\/tunisiaforall.org\/?page_id=72\"><span style=\"color: #008000;\">Culture, tourisme et environnement<\/span><\/a> &#8211;&nbsp;<\/strong><em>Coordinateur M. Mohamed Salah TEBOURBI<\/em><\/li>\n<\/ul>\n","protected":false},"excerpt":{"rendered":"<p>Tunisia For All compte les 4 commissions suivantes: Enseignement, sciences et technologie &#8211;&nbsp;Coordinateur M. Nejib FARZA D\u00e9veloppement \u00e9conomique et emploi &#8211;&nbsp;Coordinateur M. Jamel BEN AISSA Sociale et sant\u00e9 &#8211;&nbsp;Coordinatrice Mme. Olfa BELKHODJA Culture, tourisme et environnement &#8211;&nbsp;Coordinateur M. Mohamed Salah TEBOURBI<\/p>\n","protected":false},"author":1,"featured_media":37,"parent":0,"menu_order":0,"comment_status":"closed","ping_status":"closed","template":"","meta":{"ngg_post_thumbnail":0,"footnotes":""},"class_list":["post-35","page","type-page","status-publish","has-post-thumbnail","czr-hentry"],"_links":{"self":[{"href":"https:\/\/tunisiaforall.org\/index.php?rest_route=\/wp\/v2\/pages\/35","targetHints":{"allow":["GET"]}}],"collection":[{"href":"https:\/\/tunisiaforall.org\/index.php?rest_route=\/wp\/v2\/pages"}],"about":[{"href":"https:\/\/tunisiaforall.org\/index.php?rest_route=\/wp\/v2\/types\/page"}],"author":[{"embeddable":true,"href":"https:\/\/tunisiaforall.org\/index.php?rest_route=\/wp\/v2\/users\/1"}],"replies":[{"embeddable":true,"href":"https:\/\/tunisiaforall.org\/index.php?rest_route=%2Fwp%2Fv2%2Fcomments&post=35"}],"version-history":[{"count":9,"href":"https:\/\/tunisiaforall.org\/index.php?rest_route=\/wp\/v2\/pages\/35\/revisions"}],"predecessor-version":[{"id":557,"href":"https:\/\/tunisiaforall.org\/index.php?rest_route=\/wp\/v2\/pages\/35\/revisions\/557"}],"wp:featuredmedia":[{"embeddable":true,"href":"https:\/\/tunisiaforall.org\/index.php?rest_route=\/wp\/v2\/media\/37"}],"wp:attachment":[{"href":"https:\/\/tunisiaforall.org\/index.php?rest_route=%2Fwp%2Fv2%2Fmedia&parent=35"}],"curies":[{"name":"wp","href":"https:\/\/api.w.org\/{rel}","templated":true}]}}