{"id":41,"date":"2018-05-26T17:41:29","date_gmt":"2018-05-26T15:41:29","guid":{"rendered":"http:\/\/tunisiaforall.org\/?page_id=41"},"modified":"2018-06-06T12:02:45","modified_gmt":"2018-06-06T10:02:45","slug":"actions","status":"publish","type":"page","link":"https:\/\/tunisiaforall.org\/?page_id=41","title":{"rendered":"Actions"},"content":{"rendered":"<p><span style=\"color: #ff0000;\">Tunisia For All<\/span> a des actions r\u00e9guli\u00e8res telles que:<\/p>\n<ul>\n<li>Action Cartables: Distribution de centaines de cartables avec fournitures \u00e0 chaque rentr\u00e9e scolaire.<\/li>\n<li>Action Table de Ramadhan: Organisation de diners quotidiens durant le mois de Ramadhan.<\/li>\n<li>Action Couffin de Ramadhan: Distribution de centaines de cartons contenant tout le n\u00e9cessaire en aliments pour le mois de Ramadhan.<\/li>\n<\/ul>\n<p>D&rsquo;autres actions sont occasionnelles telles que:<\/p>\n<ul>\n<li>Action \u00ab\u00a0Ghattini\u00a0\u00bb: Distribution de couvertures et matelas dans les zones du nord ouest de la Tunisie.<\/li>\n<li>etc.<\/li>\n<\/ul>\n","protected":false},"excerpt":{"rendered":"<p>Tunisia For All a des actions r\u00e9guli\u00e8res telles que: Action Cartables: Distribution de centaines de cartables avec fournitures \u00e0 chaque rentr\u00e9e scolaire. Action Table de Ramadhan: Organisation de diners quotidiens durant le mois de Ramadhan. Action Couffin de Ramadhan: Distribution de centaines de cartons contenant tout le n\u00e9cessaire en aliments pour le mois de Ramadhan. [&hellip;]<\/p>\n","protected":false},"author":1,"featured_media":36,"parent":0,"menu_order":0,"comment_status":"closed","ping_status":"closed","template":"","meta":{"ngg_post_thumbnail":0,"footnotes":""},"class_list":["post-41","page","type-page","status-publish","has-post-thumbnail","czr-hentry"],"_links":{"self":[{"href":"https:\/\/tunisiaforall.org\/index.php?rest_route=\/wp\/v2\/pages\/41","targetHints":{"allow":["GET"]}}],"collection":[{"href":"https:\/\/tunisiaforall.org\/index.php?rest_route=\/wp\/v2\/pages"}],"about":[{"href":"https:\/\/tunisiaforall.org\/index.php?rest_route=\/wp\/v2\/types\/page"}],"author":[{"embeddable":true,"href":"https:\/\/tunisiaforall.org\/index.php?rest_route=\/wp\/v2\/users\/1"}],"replies":[{"embeddable":true,"href":"https:\/\/tunisiaforall.org\/index.php?rest_route=%2Fwp%2Fv2%2Fcomments&post=41"}],"version-history":[{"count":2,"href":"https:\/\/tunisiaforall.org\/index.php?rest_route=\/wp\/v2\/pages\/41\/revisions"}],"predecessor-version":[{"id":129,"href":"https:\/\/tunisiaforall.org\/index.php?rest_route=\/wp\/v2\/pages\/41\/revisions\/129"}],"wp:featuredmedia":[{"embeddable":true,"href":"https:\/\/tunisiaforall.org\/index.php?rest_route=\/wp\/v2\/media\/36"}],"wp:attachment":[{"href":"https:\/\/tunisiaforall.org\/index.php?rest_route=%2Fwp%2Fv2%2Fmedia&parent=41"}],"curies":[{"name":"wp","href":"https:\/\/api.w.org\/{rel}","templated":true}]}}