{"id":60,"date":"2018-06-06T10:01:14","date_gmt":"2018-06-06T08:01:14","guid":{"rendered":"http:\/\/tunisiaforall.org\/?page_id=60"},"modified":"2018-06-06T10:01:14","modified_gmt":"2018-06-06T08:01:14","slug":"mission","status":"publish","type":"page","link":"https:\/\/tunisiaforall.org\/?page_id=60","title":{"rendered":"Mission"},"content":{"rendered":"<p><span style=\"color: #ff0000;\">Tunisia For All<\/span> est une association qui a pour mission de permettre \u00e0 chaque tunisien de vivre avec dignit\u00e9 et respect de ses droits fondamentaux. Elle a pour objet de :<\/p>\n<ul>\n<li>Promouvoir le concept de soci\u00e9t\u00e9 citoyenne et diffuser les bonnes pratiques en mati\u00e8re d\u2019Investissement Socialement Responsable (ISR) et de citoyennet\u00e9 de l\u2019entreprise;<\/li>\n<li>Promouvoir et valoriser le b\u00e9n\u00e9volat aupr\u00e8s du grand public, les services communautaires aupr\u00e8s des institutions et des milieux professionnels;<\/li>\n<li>Offrir un appui technique et financier au tissu associatif tunisien engag\u00e9 dans des actions sociales de soutien aux populations des r\u00e9gions marginalis\u00e9es;<\/li>\n<li>Et Faciliter l\u2019acc\u00e8s \u00e0 l\u2019information ayant trait aux opportunit\u00e9s d\u2019investissements, de financements et aux bonnes pratiques en mati\u00e8re de d\u00e9veloppement communautaire.<\/li>\n<\/ul>\n","protected":false},"excerpt":{"rendered":"<p>Tunisia For All est une association qui a pour mission de permettre \u00e0 chaque tunisien de vivre avec dignit\u00e9 et respect de ses droits fondamentaux. Elle a pour objet de : Promouvoir le concept de soci\u00e9t\u00e9 citoyenne et diffuser les bonnes pratiques en mati\u00e8re d\u2019Investissement Socialement Responsable (ISR) et de citoyennet\u00e9 de l\u2019entreprise; Promouvoir et [&hellip;]<\/p>\n","protected":false},"author":1,"featured_media":0,"parent":0,"menu_order":0,"comment_status":"closed","ping_status":"closed","template":"","meta":{"ngg_post_thumbnail":0,"footnotes":""},"class_list":["post-60","page","type-page","status-publish","czr-hentry"],"_links":{"self":[{"href":"https:\/\/tunisiaforall.org\/index.php?rest_route=\/wp\/v2\/pages\/60","targetHints":{"allow":["GET"]}}],"collection":[{"href":"https:\/\/tunisiaforall.org\/index.php?rest_route=\/wp\/v2\/pages"}],"about":[{"href":"https:\/\/tunisiaforall.org\/index.php?rest_route=\/wp\/v2\/types\/page"}],"author":[{"embeddable":true,"href":"https:\/\/tunisiaforall.org\/index.php?rest_route=\/wp\/v2\/users\/1"}],"replies":[{"embeddable":true,"href":"https:\/\/tunisiaforall.org\/index.php?rest_route=%2Fwp%2Fv2%2Fcomments&post=60"}],"version-history":[{"count":1,"href":"https:\/\/tunisiaforall.org\/index.php?rest_route=\/wp\/v2\/pages\/60\/revisions"}],"predecessor-version":[{"id":61,"href":"https:\/\/tunisiaforall.org\/index.php?rest_route=\/wp\/v2\/pages\/60\/revisions\/61"}],"wp:attachment":[{"href":"https:\/\/tunisiaforall.org\/index.php?rest_route=%2Fwp%2Fv2%2Fmedia&parent=60"}],"curies":[{"name":"wp","href":"https:\/\/api.w.org\/{rel}","templated":true}]}}