{"id":83,"date":"2018-06-06T10:26:50","date_gmt":"2018-06-06T08:26:50","guid":{"rendered":"http:\/\/tunisiaforall.org\/?page_id=83"},"modified":"2018-06-06T10:28:27","modified_gmt":"2018-06-06T08:28:27","slug":"social-et-sante","status":"publish","type":"page","link":"https:\/\/tunisiaforall.org\/?page_id=83","title":{"rendered":"Social et sant\u00e9"},"content":{"rendered":"<p>Conscients de la situation sociale de pr\u00e9carit\u00e9 et parfois m\u00eame de d\u00e9tresse dans lesquelles vivent beaucoup de tunisiens dans toutes les r\u00e9gions du pays, les promoteurs de <span style=\"color: #ff0000;\">Tunisia For All<\/span> se sentent en devoir d\u2019agir pour venir en aide aux populations n\u00e9cessiteuses et ce notamment en pr\u00eatant main forte aux associations locales sp\u00e9cialis\u00e9es qui s\u2019inscrivent dans les principes et les finalit\u00e9s auxquels nous croyons.<\/p>\n<p>Pour ce faire, la commission s\u2019emploiera \u00e0 collecter les \u00e9l\u00e9ments de connaissance n\u00e9cessaire \u00e0 son travail aussi bien aupr\u00e8s des instances gouvernementales qu\u2019aupr\u00e8s des ONG nationales et internationales. Ces \u00e9l\u00e9ments devraient permettre d\u2019avoir un tableau de bord clair de la situation sociale dans le pays ainsi que des priorit\u00e9s \u00e0 inscrire dans sa strat\u00e9gie. En m\u00eame temps, la commission devrait entamer un travail d\u2019identification des associations locales susceptibles de travailler en partenariat pour r\u00e9aliser les op\u00e9rations et les interventions \u00e0 mettre en place et ce en prenant soin d\u2019\u00e9viter toutes celles ayant une coloration politique ou \u0153uvrant dans le cadre de partis.<\/p>\n<p>Disposant de ces \u00e9l\u00e9ments de connaissance n\u00e9cessaires, la commission mettra au point des actions et des interventions \u00e0 caract\u00e8re social ou socio-m\u00e9dical r\u00e9pondant aux attentes ou\/et aux besoins des populations cibles en veillant \u00e0 ce que ces interventions s\u2019inscrivent dans la strat\u00e9gie globale d\u00e9finie par le Conseil d\u2019Administration de <span style=\"color: #ff0000;\">Tunisia For All<\/span>. Les propositions qui devront \u00eatre soumises au Conseil d\u2019Administration pour approbation devront avoir un objectif clair, une population cible bien d\u00e9finie, une description d\u00e9taill\u00e9e, un ou des partenaires identifi\u00e9s, un calendrier de r\u00e9alisation et un budget.\u00a0 A ce propos il est recommand\u00e9 aux membres de la commission de tout mettre en \u0153uvre afin d\u2019identifier les sources potentielles de financement de chaque actions propos\u00e9e en prenant soin d\u2019\u00e9valuer les possibilit\u00e9s existantes au niveau r\u00e9gional.\u00a0 Pour compl\u00e9ter le tableau, la commission proposera \u00e9galement pour chaque action un plan de communication ad\u00e9quat qui mettra \u00e0 contribution tous les supports m\u00e9dia pr\u00e9sents dans la r\u00e9gion cible.<\/p>\n","protected":false},"excerpt":{"rendered":"<p>Conscients de la situation sociale de pr\u00e9carit\u00e9 et parfois m\u00eame de d\u00e9tresse dans lesquelles vivent beaucoup de tunisiens dans toutes les r\u00e9gions du pays, les promoteurs de Tunisia For All se sentent en devoir d\u2019agir pour venir en aide aux populations n\u00e9cessiteuses et ce notamment en pr\u00eatant main forte aux associations locales sp\u00e9cialis\u00e9es qui s\u2019inscrivent [&hellip;]<\/p>\n","protected":false},"author":1,"featured_media":0,"parent":0,"menu_order":0,"comment_status":"closed","ping_status":"closed","template":"","meta":{"ngg_post_thumbnail":0,"footnotes":""},"class_list":["post-83","page","type-page","status-publish","czr-hentry"],"_links":{"self":[{"href":"https:\/\/tunisiaforall.org\/index.php?rest_route=\/wp\/v2\/pages\/83","targetHints":{"allow":["GET"]}}],"collection":[{"href":"https:\/\/tunisiaforall.org\/index.php?rest_route=\/wp\/v2\/pages"}],"about":[{"href":"https:\/\/tunisiaforall.org\/index.php?rest_route=\/wp\/v2\/types\/page"}],"author":[{"embeddable":true,"href":"https:\/\/tunisiaforall.org\/index.php?rest_route=\/wp\/v2\/users\/1"}],"replies":[{"embeddable":true,"href":"https:\/\/tunisiaforall.org\/index.php?rest_route=%2Fwp%2Fv2%2Fcomments&post=83"}],"version-history":[{"count":1,"href":"https:\/\/tunisiaforall.org\/index.php?rest_route=\/wp\/v2\/pages\/83\/revisions"}],"predecessor-version":[{"id":84,"href":"https:\/\/tunisiaforall.org\/index.php?rest_route=\/wp\/v2\/pages\/83\/revisions\/84"}],"wp:attachment":[{"href":"https:\/\/tunisiaforall.org\/index.php?rest_route=%2Fwp%2Fv2%2Fmedia&parent=83"}],"curies":[{"name":"wp","href":"https:\/\/api.w.org\/{rel}","templated":true}]}}