{"id":87,"date":"2018-06-06T10:32:49","date_gmt":"2018-06-06T08:32:49","guid":{"rendered":"http:\/\/tunisiaforall.org\/?page_id=87"},"modified":"2018-06-06T10:33:34","modified_gmt":"2018-06-06T08:33:34","slug":"mot-du-president","status":"publish","type":"page","link":"https:\/\/tunisiaforall.org\/?page_id=87","title":{"rendered":"Mot du Pr\u00e9sident"},"content":{"rendered":"<p><img decoding=\"async\" class=\" wp-image-38 alignleft\" src=\"http:\/\/tunisiaforall.org\/wp-content\/uploads\/2018\/05\/Pr\u00e9sident-208x300.jpg\" alt=\"\" width=\"123\" height=\"177\" srcset=\"https:\/\/tunisiaforall.org\/wp-content\/uploads\/2018\/05\/Pr\u00e9sident-208x300.jpg 208w, https:\/\/tunisiaforall.org\/wp-content\/uploads\/2018\/05\/Pr\u00e9sident.jpg 664w\" sizes=\"(max-width: 123px) 100vw, 123px\" \/><\/p>\n<p>L\u2019histoire plurimill\u00e9naire de notre pays nous a appris que notre peuple a travers\u00e9 plusieurs crises et qu\u2019\u00e0 chaque fois tel le Phoenix il rena\u00eet de ses cendres, encore plus fort.<\/p>\n<p>Nous membres de <span style=\"color: #ff0000;\">Tunisia For All<\/span> croyons que la pers\u00e9v\u00e9rance est la seule voie pour donner plus d\u2019efficacit\u00e9 et de pertinence \u00e0 nos actions. C\u2019est la pers\u00e9v\u00e9rance et uniquement la pers\u00e9v\u00e9rance qui pourra faire du slogan \u00ab\u00a0la soci\u00e9t\u00e9 civile force de proposition et de pression\u00a0\u00bb une r\u00e9alit\u00e9 v\u00e9cue.<\/p>\n<p><span style=\"color: #ff0000;\">Tunisia For All<\/span> continuera \u00e0 \u0153uvrer pour renforcer la construction collective en soutenant toutes les forces cr\u00e9atrices sans exception. Construction qui se doit-\u00eatre inclusive de l\u2019ensemble de la population, les jeunes, les femmes et les minorit\u00e9s.<\/p>\n<p><span style=\"color: #ff0000;\">Tunisia For All<\/span> continuera \u00e0 apporter, au quotidien, son soutien aux populations des r\u00e9gions marginalis\u00e9es.<\/p>\n<p><span style=\"color: #ff0000;\">Tunisia For All<\/span> restera toujours vigilante pour que le processus d\u00e9mocratique ne soit pas d\u00e9vi\u00e9 de sa trajectoire.<\/p>\n<p><span style=\"color: #ff0000;\">Tunisia For All<\/span> contribuera \u00e0 la mise en place d\u2019une vraie d\u00e9mocratie participative.<\/p>\n<p><span style=\"color: #ff0000;\">Tunisia For All<\/span> continuera \u00e0 sensibiliser les riverains de la M\u00e9diterran\u00e9e, ce berceau de la civilisation, \u00e0 exprimer leur humanit\u00e9 par une collaboration intelligente et tol\u00e9rante qui garantisse un d\u00e9veloppement durable, la paix et la douceur de vivre.<\/p>\n<h5><span style=\"color: #3366ff;\"><em><strong>\u201cFace \u00e0 la roche, le ruisseau l\u2019emporte toujours, non pas par la force mais par la pers\u00e9v\u00e9rance.\u201d\u00a0<\/strong><\/em><strong>(H. Jackson Brown)<\/strong><\/span><\/h5>\n","protected":false},"excerpt":{"rendered":"<p>L\u2019histoire plurimill\u00e9naire de notre pays nous a appris que notre peuple a travers\u00e9 plusieurs crises et qu\u2019\u00e0 chaque fois tel le Phoenix il rena\u00eet de ses cendres, encore plus fort. Nous membres de Tunisia For All croyons que la pers\u00e9v\u00e9rance est la seule voie pour donner plus d\u2019efficacit\u00e9 et de pertinence \u00e0 nos actions. C\u2019est [&hellip;]<\/p>\n","protected":false},"author":1,"featured_media":0,"parent":0,"menu_order":0,"comment_status":"closed","ping_status":"closed","template":"","meta":{"ngg_post_thumbnail":0,"footnotes":""},"class_list":["post-87","page","type-page","status-publish","czr-hentry"],"_links":{"self":[{"href":"https:\/\/tunisiaforall.org\/index.php?rest_route=\/wp\/v2\/pages\/87","targetHints":{"allow":["GET"]}}],"collection":[{"href":"https:\/\/tunisiaforall.org\/index.php?rest_route=\/wp\/v2\/pages"}],"about":[{"href":"https:\/\/tunisiaforall.org\/index.php?rest_route=\/wp\/v2\/types\/page"}],"author":[{"embeddable":true,"href":"https:\/\/tunisiaforall.org\/index.php?rest_route=\/wp\/v2\/users\/1"}],"replies":[{"embeddable":true,"href":"https:\/\/tunisiaforall.org\/index.php?rest_route=%2Fwp%2Fv2%2Fcomments&post=87"}],"version-history":[{"count":2,"href":"https:\/\/tunisiaforall.org\/index.php?rest_route=\/wp\/v2\/pages\/87\/revisions"}],"predecessor-version":[{"id":89,"href":"https:\/\/tunisiaforall.org\/index.php?rest_route=\/wp\/v2\/pages\/87\/revisions\/89"}],"wp:attachment":[{"href":"https:\/\/tunisiaforall.org\/index.php?rest_route=%2Fwp%2Fv2%2Fmedia&parent=87"}],"curies":[{"name":"wp","href":"https:\/\/api.w.org\/{rel}","templated":true}]}}